{"id":9480,"date":"2022-12-19T15:06:24","date_gmt":"2022-12-19T14:06:24","guid":{"rendered":"https:\/\/server116294.nazwa.pl\/wordpress\/wpn_cultureofmind_main\/?post_type=product&#038;p=9480"},"modified":"2025-05-27T22:17:33","modified_gmt":"2025-05-27T20:17:33","slug":"book-creator-dlaczego-warto-tworzyc-multimedialne-ksiazki","status":"publish","type":"product","link":"https:\/\/cultureofmind.pl\/en\/product\/book-creator-dlaczego-warto-tworzyc-multimedialne-ksiazki\/","title":{"rendered":"Book Creator"},"content":{"rendered":"<p><strong>Book\u00a0Creator &#8211; dlaczego warto tworzy\u0107 multimedialne ksi\u0105\u017cki i jak mo\u017cna je wykorzystywa\u0107 w procesie edukacyjnym.<\/strong><\/p>\n<div>\n<div><span class=\"il\">Book<\/span>\u00a0<span class=\"il\">Creator<\/span> to aplikacja edukacyjna do tworzenia ksi\u0105\u017cek multimedialnych z r\u00f3\u017cnorodnymi mo\u017cliwo\u015bciami wykorzystania oraz dostosowana dla nauczycieli i uczni\u00f3w na wszystkich poziomach edukacyjnych. Aplikacja jest dost\u0119pna online przez przegl\u0105darki www, nie wymaga instalowania programu na komputerze, jest \u0142atwa i intuicyjna w obs\u0142udze. Multimedialne ksi\u0105\u017cki\u00a0to r\u00f3wnie\u017c narz\u0119dzie edukacyjne, kt\u00f3re odpowiednio wykorzystywane w procesie dydaktycznym mo\u017ce by\u0107 doskona\u0142ym wsparciem w edukacji informatycznej i medialnej, kszta\u0142towa\u0107 krytyczne podej\u015bcie do tre\u015bci publikowanych w internecie, rozwija\u0107 kreatywno\u015b\u0107 i zaanga\u017cowanie uczni\u00f3w.<\/div>\n<\/div>\n<div><\/div>\n<div>\n<div>\n<p>W ramach szkolenia uczestnicy i uczestniczki :<\/p>\n<ul>\n<li>Poznaj\u0105 podstawowe funkcje aplikacji\u00a0<span class=\"il\">Book<\/span>\u00a0<span class=\"il\">Creator<\/span><\/li>\n<li>Dowiedz\u0105 si\u0119 jak wykorzystywa\u0107 multimedialne ksi\u0105\u017cki\u00a0w procesie edukacyjnym<\/li>\n<li>Naucz\u0105 si\u0119 korzysta\u0107 z biblioteki i zasob\u00f3w\u00a0\u00a0<span class=\"il\">Book<\/span>\u00a0Creatora<\/li>\n<li>Dowiedz\u0105 si\u0119 jak za\u0142o\u017cy\u0107 prost\u0105 ksi\u0105\u017ck\u0119 z wykorzystaniem szablon\u00f3w<\/li>\n<\/ul>\n<div>Szkolenie prowadzi Izabela Wyppich &#8211; nauczycielka plastyki, historii sztuki oraz historii w I Liceum Og\u00f3lnokszta\u0142c\u0105cym im. Adama Mickiewicza w Rudzie \u015al\u0105skiej. Tutorka, edukatorka medialna oraz\u00a0 ambasadorka aplikacji edukacyjnych\u00a0<span class=\"il\">Book<\/span>\u00a0<span class=\"il\">Creator<\/span>.<\/div>\n<\/div>\n<div>\n<div class=\"tutor-course-details-content tutor-toggle-more-content\" data-tutor-toggle-more-content=\"\" data-toggle-height=\"200\">\n<div class=\"tutor-fs-6 tutor-color-secondary\">\n<p>Za\u015bwiadczenie ze szkolenia <strong>\u00a0<\/strong>mo\u017cesz odebra\u0107 pisz\u0105c na biuro@grupasokrates.pl<\/p>\n<p>Za\u015bwiadczenie jest wysy\u0142ane drog\u0105 elektroniczn\u0105 i zawiera si\u0119 w cenie szkolenia.<\/p>\n<p><a href=\"https:\/\/www.facebook.com\/GrupaSokrates\" target=\"_blank\" rel=\"noopener\">GES Sokrates na Facebooku<\/a><\/p>\n<p><a href=\"https:\/\/server116294.nazwa.pl\/wordpress\/wpn_cultureofmind_main\/polityka-prywatnosci\/\">Privacy Policy<\/a><\/p>\n<\/div>\n<\/div>\n<\/div>\n<\/div>","protected":false},"excerpt":{"rendered":"<p>Book\u00a0Creator &#8211; dlaczego warto tworzy\u0107 multimedialne ksi\u0105\u017cki i jak mo\u017cna je wykorzystywa\u0107 w procesie edukacyjnym. Book\u00a0Creator to aplikacja edukacyjna do<\/p>","protected":false},"featured_media":9481,"comment_status":"open","ping_status":"closed","template":"","meta":[],"product_cat":[15],"product_tag":[],"class_list":["post-9480","product","type-product","status-publish","has-post-thumbnail","hentry","product_cat-bez-kategorii"],"yoast_head":"<!-- This site is optimized with the Yoast SEO plugin v21.3 - https:\/\/yoast.com\/wordpress\/plugins\/seo\/ -->\n<title>Book Creator - Culture of Mind<\/title>\n<meta name=\"description\" content=\"Book\u00a0Creator - dlaczego warto tworzy\u0107 multimedialne ksi\u0105\u017cki i jak mo\u017cna je wykorzystywa\u0107 w procesie edukacyjnym. Izabela Wyppich szkolenie dla nauczycieli!\" \/>\n<meta name=\"robots\" content=\"index, follow, max-snippet:-1, max-image-preview:large, max-video-preview:-1\" \/>\n<link rel=\"canonical\" href=\"https:\/\/cultureofmind.pl\/en\/product\/book-creator-dlaczego-warto-tworzyc-multimedialne-ksiazki\/\" \/>\n<meta property=\"og:locale\" content=\"en_US\" \/>\n<meta property=\"og:type\" content=\"article\" \/>\n<meta property=\"og:title\" content=\"Book Creator - Culture of Mind\" \/>\n<meta property=\"og:description\" content=\"Book\u00a0Creator - dlaczego warto tworzy\u0107 multimedialne ksi\u0105\u017cki i jak mo\u017cna je wykorzystywa\u0107 w procesie edukacyjnym. Izabela Wyppich szkolenie dla nauczycieli!\" \/>\n<meta property=\"og:url\" content=\"https:\/\/cultureofmind.pl\/en\/product\/book-creator-dlaczego-warto-tworzyc-multimedialne-ksiazki\/\" \/>\n<meta property=\"og:site_name\" content=\"Culture of Mind\" \/>\n<meta property=\"article:modified_time\" content=\"2025-05-27T20:17:33+00:00\" \/>\n<meta property=\"og:image\" content=\"https:\/\/cultureofmind.pl\/wp-content\/uploads\/2022\/12\/image-4.png\" \/>\n\t<meta property=\"og:image:width\" content=\"1701\" \/>\n\t<meta property=\"og:image:height\" content=\"960\" \/>\n\t<meta property=\"og:image:type\" content=\"image\/png\" \/>\n<meta name=\"twitter:card\" content=\"summary_large_image\" \/>\n<meta name=\"twitter:label1\" content=\"Est. reading time\" \/>\n\t<meta name=\"twitter:data1\" content=\"2 minutes\" \/>\n<script type=\"application\/ld+json\" class=\"yoast-schema-graph\">{\"@context\":\"https:\/\/schema.org\",\"@graph\":[{\"@type\":\"WebPage\",\"@id\":\"https:\/\/cultureofmind.pl\/produkt\/book-creator-dlaczego-warto-tworzyc-multimedialne-ksiazki\/\",\"url\":\"https:\/\/cultureofmind.pl\/produkt\/book-creator-dlaczego-warto-tworzyc-multimedialne-ksiazki\/\",\"name\":\"Book Creator - Culture of Mind\",\"isPartOf\":{\"@id\":\"https:\/\/cultureofmind.pl\/#website\"},\"datePublished\":\"2022-12-19T14:06:24+00:00\",\"dateModified\":\"2025-05-27T20:17:33+00:00\",\"description\":\"Book\u00a0Creator - dlaczego warto tworzy\u0107 multimedialne ksi\u0105\u017cki i jak mo\u017cna je wykorzystywa\u0107 w procesie edukacyjnym. Izabela Wyppich szkolenie dla nauczycieli!\",\"breadcrumb\":{\"@id\":\"https:\/\/cultureofmind.pl\/produkt\/book-creator-dlaczego-warto-tworzyc-multimedialne-ksiazki\/#breadcrumb\"},\"inLanguage\":\"en-US\",\"potentialAction\":[{\"@type\":\"ReadAction\",\"target\":[\"https:\/\/cultureofmind.pl\/produkt\/book-creator-dlaczego-warto-tworzyc-multimedialne-ksiazki\/\"]}]},{\"@type\":\"BreadcrumbList\",\"@id\":\"https:\/\/cultureofmind.pl\/produkt\/book-creator-dlaczego-warto-tworzyc-multimedialne-ksiazki\/#breadcrumb\",\"itemListElement\":[{\"@type\":\"ListItem\",\"position\":1,\"name\":\"Home\",\"item\":\"https:\/\/cultureofmind.pl\/\"},{\"@type\":\"ListItem\",\"position\":2,\"name\":\"Sklep\",\"item\":\"https:\/\/cultureofmind.pl\/sklep\/\"},{\"@type\":\"ListItem\",\"position\":3,\"name\":\"Book Creator\"}]},{\"@type\":\"WebSite\",\"@id\":\"https:\/\/cultureofmind.pl\/#website\",\"url\":\"https:\/\/cultureofmind.pl\/\",\"name\":\"Culture of Mind\",\"description\":\"CultureOfMind\",\"publisher\":{\"@id\":\"https:\/\/cultureofmind.pl\/#organization\"},\"potentialAction\":[{\"@type\":\"SearchAction\",\"target\":{\"@type\":\"EntryPoint\",\"urlTemplate\":\"https:\/\/cultureofmind.pl\/?s={search_term_string}\"},\"query-input\":\"required name=search_term_string\"}],\"inLanguage\":\"en-US\"},{\"@type\":\"Organization\",\"@id\":\"https:\/\/cultureofmind.pl\/#organization\",\"name\":\"Culture of Mind\",\"url\":\"https:\/\/cultureofmind.pl\/\",\"logo\":{\"@type\":\"ImageObject\",\"inLanguage\":\"en-US\",\"@id\":\"https:\/\/cultureofmind.pl\/#\/schema\/logo\/image\/\",\"url\":\"https:\/\/cultureofmind.pl\/wp-content\/uploads\/2023\/10\/cropped-Rectangle-57.png\",\"contentUrl\":\"https:\/\/cultureofmind.pl\/wp-content\/uploads\/2023\/10\/cropped-Rectangle-57.png\",\"width\":150,\"height\":150,\"caption\":\"Culture of Mind\"},\"image\":{\"@id\":\"https:\/\/cultureofmind.pl\/#\/schema\/logo\/image\/\"}}]}<\/script>\n<!-- \/ Yoast SEO plugin. -->","yoast_head_json":{"title":"Book Creator - Culture of Mind","description":"Book\u00a0Creator - dlaczego warto tworzy\u0107 multimedialne ksi\u0105\u017cki i jak mo\u017cna je wykorzystywa\u0107 w procesie edukacyjnym. Izabela Wyppich szkolenie dla nauczycieli!","robots":{"index":"index","follow":"follow","max-snippet":"max-snippet:-1","max-image-preview":"max-image-preview:large","max-video-preview":"max-video-preview:-1"},"canonical":"https:\/\/cultureofmind.pl\/en\/product\/book-creator-dlaczego-warto-tworzyc-multimedialne-ksiazki\/","og_locale":"en_US","og_type":"article","og_title":"Book Creator - Culture of Mind","og_description":"Book\u00a0Creator - dlaczego warto tworzy\u0107 multimedialne ksi\u0105\u017cki i jak mo\u017cna je wykorzystywa\u0107 w procesie edukacyjnym. Izabela Wyppich szkolenie dla nauczycieli!","og_url":"https:\/\/cultureofmind.pl\/en\/product\/book-creator-dlaczego-warto-tworzyc-multimedialne-ksiazki\/","og_site_name":"Culture of Mind","article_modified_time":"2025-05-27T20:17:33+00:00","og_image":[{"width":1701,"height":960,"url":"https:\/\/cultureofmind.pl\/wp-content\/uploads\/2022\/12\/image-4.png","type":"image\/png"}],"twitter_card":"summary_large_image","twitter_misc":{"Est. reading time":"2 minutes"},"schema":{"@context":"https:\/\/schema.org","@graph":[{"@type":"WebPage","@id":"https:\/\/cultureofmind.pl\/produkt\/book-creator-dlaczego-warto-tworzyc-multimedialne-ksiazki\/","url":"https:\/\/cultureofmind.pl\/produkt\/book-creator-dlaczego-warto-tworzyc-multimedialne-ksiazki\/","name":"Book Creator - Culture of Mind","isPartOf":{"@id":"https:\/\/cultureofmind.pl\/#website"},"datePublished":"2022-12-19T14:06:24+00:00","dateModified":"2025-05-27T20:17:33+00:00","description":"Book\u00a0Creator - dlaczego warto tworzy\u0107 multimedialne ksi\u0105\u017cki i jak mo\u017cna je wykorzystywa\u0107 w procesie edukacyjnym. Izabela Wyppich szkolenie dla nauczycieli!","breadcrumb":{"@id":"https:\/\/cultureofmind.pl\/produkt\/book-creator-dlaczego-warto-tworzyc-multimedialne-ksiazki\/#breadcrumb"},"inLanguage":"en-US","potentialAction":[{"@type":"ReadAction","target":["https:\/\/cultureofmind.pl\/produkt\/book-creator-dlaczego-warto-tworzyc-multimedialne-ksiazki\/"]}]},{"@type":"BreadcrumbList","@id":"https:\/\/cultureofmind.pl\/produkt\/book-creator-dlaczego-warto-tworzyc-multimedialne-ksiazki\/#breadcrumb","itemListElement":[{"@type":"ListItem","position":1,"name":"Home","item":"https:\/\/cultureofmind.pl\/"},{"@type":"ListItem","position":2,"name":"Sklep","item":"https:\/\/cultureofmind.pl\/sklep\/"},{"@type":"ListItem","position":3,"name":"Book Creator"}]},{"@type":"WebSite","@id":"https:\/\/cultureofmind.pl\/#website","url":"https:\/\/cultureofmind.pl\/","name":"Culture of Mind","description":"CultureOfMind","publisher":{"@id":"https:\/\/cultureofmind.pl\/#organization"},"potentialAction":[{"@type":"SearchAction","target":{"@type":"EntryPoint","urlTemplate":"https:\/\/cultureofmind.pl\/?s={search_term_string}"},"query-input":"required name=search_term_string"}],"inLanguage":"en-US"},{"@type":"Organization","@id":"https:\/\/cultureofmind.pl\/#organization","name":"Culture of Mind","url":"https:\/\/cultureofmind.pl\/","logo":{"@type":"ImageObject","inLanguage":"en-US","@id":"https:\/\/cultureofmind.pl\/#\/schema\/logo\/image\/","url":"https:\/\/cultureofmind.pl\/wp-content\/uploads\/2023\/10\/cropped-Rectangle-57.png","contentUrl":"https:\/\/cultureofmind.pl\/wp-content\/uploads\/2023\/10\/cropped-Rectangle-57.png","width":150,"height":150,"caption":"Culture of Mind"},"image":{"@id":"https:\/\/cultureofmind.pl\/#\/schema\/logo\/image\/"}}]}},"_links":{"self":[{"href":"https:\/\/cultureofmind.pl\/en\/wp-json\/wp\/v2\/product\/9480","targetHints":{"allow":["GET"]}}],"collection":[{"href":"https:\/\/cultureofmind.pl\/en\/wp-json\/wp\/v2\/product"}],"about":[{"href":"https:\/\/cultureofmind.pl\/en\/wp-json\/wp\/v2\/types\/product"}],"replies":[{"embeddable":true,"href":"https:\/\/cultureofmind.pl\/en\/wp-json\/wp\/v2\/comments?post=9480"}],"version-history":[{"count":2,"href":"https:\/\/cultureofmind.pl\/en\/wp-json\/wp\/v2\/product\/9480\/revisions"}],"predecessor-version":[{"id":9493,"href":"https:\/\/cultureofmind.pl\/en\/wp-json\/wp\/v2\/product\/9480\/revisions\/9493"}],"wp:featuredmedia":[{"embeddable":true,"href":"https:\/\/cultureofmind.pl\/en\/wp-json\/wp\/v2\/media\/9481"}],"wp:attachment":[{"href":"https:\/\/cultureofmind.pl\/en\/wp-json\/wp\/v2\/media?parent=9480"}],"wp:term":[{"taxonomy":"product_cat","embeddable":true,"href":"https:\/\/cultureofmind.pl\/en\/wp-json\/wp\/v2\/product_cat?post=9480"},{"taxonomy":"product_tag","embeddable":true,"href":"https:\/\/cultureofmind.pl\/en\/wp-json\/wp\/v2\/product_tag?post=9480"}],"curies":[{"name":"wp","href":"https:\/\/api.w.org\/{rel}","templated":true}]}}