{"id":9301,"date":"2022-07-04T09:50:31","date_gmt":"2022-07-04T07:50:31","guid":{"rendered":"https:\/\/server116294.nazwa.pl\/wordpress\/wpn_cultureofmind_main\/?post_type=product&#038;p=9301"},"modified":"2025-04-12T23:33:42","modified_gmt":"2025-04-12T21:33:42","slug":"nauczanie-w-aplikacji-teams","status":"publish","type":"product","link":"https:\/\/cultureofmind.pl\/en\/product\/nauczanie-w-aplikacji-teams\/","title":{"rendered":"Jak zaplanowa\u0107 i zorganizowa\u0107 nauczanie zdalne z Notesem w aplikacji TEAMS"},"content":{"rendered":"<p style=\"text-align: center;\"><strong>Jak zaplanowa\u0107 i zorganizowa\u0107 nauczanie zdalne z Notesem w aplikacji TEAMS<\/strong><\/p>\n<p>Zapraszamy na szkolenie, na kt\u00f3rym nauczycie si\u0119 w jaki spos\u00f3b wykorzysta\u0107 Microsoft Teams w prowadzeniu lekcji online. Nasz ekspert Marcin Paks, poka\u017ce Wam wszystko co musicie wiedzie\u0107 i umie\u0107 na temat tego narz\u0119dzia &#8211; prosto, \u0142atwo i praktycznie. Narz\u0119dzia cyfrowe maj\u0105 nam u\u0142atwia\u0107 prac\u0119 &#8211; sprawd\u017acie w jaki spos\u00f3b Microsoft Teams sprawi, \u017ce nauczanie i uczenie si\u0119 stan\u0105 si\u0119 jeszcze bardziej efektywne dla wsp\u00f3\u0142czesnego pokolenia uczni\u00f3w.<\/p>\n<ol>\n<li>Konfiguracja notesu w zespo\u0142ach klasowych.<\/li>\n<li>Praca w aplikacji online i na dysku komputera.<\/li>\n<li>Cyfrowy konspekt nauczyciela \u2013 jak dodawa\u0107 zasoby?<\/li>\n<li>Ewaluacja i testy z OneNote.<\/li>\n<li>Notes nauczyciela \u00a0&#8211; co mog\u0119 wi\u0119cej?<\/li>\n<li>Udost\u0119pnianie w notesach uczni\u00f3w \u2013 grupowo i pojedynczo.<\/li>\n<li>Praca domowa z OneNote.<\/li>\n<\/ol>\n<p>&nbsp;<\/p>\n<div class=\"tutor-course-details-content tutor-toggle-more-content\" data-tutor-toggle-more-content=\"\" data-toggle-height=\"200\">\n<div class=\"tutor-fs-6 tutor-color-secondary\">\n<div class=\"tutor-course-details-content tutor-toggle-more-content\" data-tutor-toggle-more-content=\"\" data-toggle-height=\"200\">\n<div class=\"tutor-fs-6 tutor-color-secondary\">\n<p>Szkolenie w formie webinaru.<\/p>\n<p>Za\u015bwiadczenie ze szkolenia <strong>Druk 3D\u00a0<\/strong>\u00a0mo\u017cesz odebra\u0107 pisz\u0105c na biuro@grupasokrates.pl<\/p>\n<div class=\"tutor-course-details-content tutor-toggle-more-content\" data-tutor-toggle-more-content=\"\" data-toggle-height=\"200\">\n<div class=\"tutor-fs-6 tutor-color-secondary\">\n<p>Za\u015bwiadczenie jest wysy\u0142ane drog\u0105 elektroniczn\u0105 i zawiera si\u0119 w cenie szkolenia.<\/p>\n<p><a href=\"https:\/\/www.facebook.com\/GrupaSokrates\" target=\"_blank\" rel=\"noopener\">GES Sokrates na Facebooku<\/a><\/p>\n<p><a href=\"https:\/\/server116294.nazwa.pl\/wordpress\/wpn_cultureofmind_main\/polityka-prywatnosci\/\">Privacy Policy<\/a><\/p>\n<\/div>\n<\/div>\n<\/div>\n<\/div>\n<\/div>\n<\/div>","protected":false},"excerpt":{"rendered":"<p>Jak zaplanowa\u0107 i zorganizowa\u0107 nauczanie zdalne z Notesem w aplikacji TEAMS Zapraszamy na szkolenie, na kt\u00f3rym nauczycie si\u0119 w jaki<\/p>","protected":false},"featured_media":9306,"comment_status":"open","ping_status":"closed","template":"","meta":[],"product_cat":[15],"product_tag":[],"class_list":["post-9301","product","type-product","status-publish","has-post-thumbnail","hentry","product_cat-bez-kategorii"],"yoast_head":"<!-- This site is optimized with the Yoast SEO plugin v21.3 - https:\/\/yoast.com\/wordpress\/plugins\/seo\/ -->\n<title>Jak zaplanowa\u0107 i zorganizowa\u0107 nauczanie zdalne z Notesem w aplikacji TEAMS - Culture of Mind<\/title>\n<meta name=\"description\" content=\"Nauczanie w aplikacji TEAMS dowiedz si\u0119 jak wykorzystywa\u0107 narz\u0119dzia Microsoft w codziennej pracy i w czasie nauczania zdalnego.\" \/>\n<meta name=\"robots\" content=\"index, follow, max-snippet:-1, max-image-preview:large, max-video-preview:-1\" \/>\n<link rel=\"canonical\" href=\"https:\/\/cultureofmind.pl\/en\/product\/nauczanie-w-aplikacji-teams\/\" \/>\n<meta property=\"og:locale\" content=\"en_US\" \/>\n<meta property=\"og:type\" content=\"article\" \/>\n<meta property=\"og:title\" content=\"Jak zaplanowa\u0107 i zorganizowa\u0107 nauczanie zdalne z Notesem w aplikacji TEAMS - Culture of Mind\" \/>\n<meta property=\"og:description\" content=\"Nauczanie w aplikacji TEAMS dowiedz si\u0119 jak wykorzystywa\u0107 narz\u0119dzia Microsoft w codziennej pracy i w czasie nauczania zdalnego.\" \/>\n<meta property=\"og:url\" content=\"https:\/\/cultureofmind.pl\/en\/product\/nauczanie-w-aplikacji-teams\/\" \/>\n<meta property=\"og:site_name\" content=\"Culture of Mind\" \/>\n<meta property=\"article:modified_time\" content=\"2025-04-12T21:33:42+00:00\" \/>\n<meta property=\"og:image\" content=\"https:\/\/cultureofmind.pl\/wp-content\/uploads\/2022\/07\/mini-7-min.png\" \/>\n\t<meta property=\"og:image:width\" content=\"500\" \/>\n\t<meta property=\"og:image:height\" content=\"357\" \/>\n\t<meta property=\"og:image:type\" content=\"image\/png\" \/>\n<meta name=\"twitter:card\" content=\"summary_large_image\" \/>\n<meta name=\"twitter:label1\" content=\"Est. reading time\" \/>\n\t<meta name=\"twitter:data1\" content=\"1 minute\" \/>\n<script type=\"application\/ld+json\" class=\"yoast-schema-graph\">{\"@context\":\"https:\/\/schema.org\",\"@graph\":[{\"@type\":\"WebPage\",\"@id\":\"https:\/\/cultureofmind.pl\/produkt\/nauczanie-w-aplikacji-teams\/\",\"url\":\"https:\/\/cultureofmind.pl\/produkt\/nauczanie-w-aplikacji-teams\/\",\"name\":\"Jak zaplanowa\u0107 i zorganizowa\u0107 nauczanie zdalne z Notesem w aplikacji TEAMS - Culture of Mind\",\"isPartOf\":{\"@id\":\"https:\/\/cultureofmind.pl\/#website\"},\"datePublished\":\"2022-07-04T07:50:31+00:00\",\"dateModified\":\"2025-04-12T21:33:42+00:00\",\"description\":\"Nauczanie w aplikacji TEAMS dowiedz si\u0119 jak wykorzystywa\u0107 narz\u0119dzia Microsoft w codziennej pracy i w czasie nauczania zdalnego.\",\"breadcrumb\":{\"@id\":\"https:\/\/cultureofmind.pl\/produkt\/nauczanie-w-aplikacji-teams\/#breadcrumb\"},\"inLanguage\":\"en-US\",\"potentialAction\":[{\"@type\":\"ReadAction\",\"target\":[\"https:\/\/cultureofmind.pl\/produkt\/nauczanie-w-aplikacji-teams\/\"]}]},{\"@type\":\"BreadcrumbList\",\"@id\":\"https:\/\/cultureofmind.pl\/produkt\/nauczanie-w-aplikacji-teams\/#breadcrumb\",\"itemListElement\":[{\"@type\":\"ListItem\",\"position\":1,\"name\":\"Home\",\"item\":\"https:\/\/cultureofmind.pl\/\"},{\"@type\":\"ListItem\",\"position\":2,\"name\":\"Sklep\",\"item\":\"https:\/\/cultureofmind.pl\/sklep\/\"},{\"@type\":\"ListItem\",\"position\":3,\"name\":\"Jak zaplanowa\u0107 i zorganizowa\u0107 nauczanie zdalne z Notesem w aplikacji TEAMS\"}]},{\"@type\":\"WebSite\",\"@id\":\"https:\/\/cultureofmind.pl\/#website\",\"url\":\"https:\/\/cultureofmind.pl\/\",\"name\":\"Culture of Mind\",\"description\":\"CultureOfMind\",\"publisher\":{\"@id\":\"https:\/\/cultureofmind.pl\/#organization\"},\"potentialAction\":[{\"@type\":\"SearchAction\",\"target\":{\"@type\":\"EntryPoint\",\"urlTemplate\":\"https:\/\/cultureofmind.pl\/?s={search_term_string}\"},\"query-input\":\"required name=search_term_string\"}],\"inLanguage\":\"en-US\"},{\"@type\":\"Organization\",\"@id\":\"https:\/\/cultureofmind.pl\/#organization\",\"name\":\"Culture of Mind\",\"url\":\"https:\/\/cultureofmind.pl\/\",\"logo\":{\"@type\":\"ImageObject\",\"inLanguage\":\"en-US\",\"@id\":\"https:\/\/cultureofmind.pl\/#\/schema\/logo\/image\/\",\"url\":\"https:\/\/cultureofmind.pl\/wp-content\/uploads\/2023\/10\/cropped-Rectangle-57.png\",\"contentUrl\":\"https:\/\/cultureofmind.pl\/wp-content\/uploads\/2023\/10\/cropped-Rectangle-57.png\",\"width\":150,\"height\":150,\"caption\":\"Culture of Mind\"},\"image\":{\"@id\":\"https:\/\/cultureofmind.pl\/#\/schema\/logo\/image\/\"}}]}<\/script>\n<!-- \/ Yoast SEO plugin. -->","yoast_head_json":{"title":"Jak zaplanowa\u0107 i zorganizowa\u0107 nauczanie zdalne z Notesem w aplikacji TEAMS - Culture of Mind","description":"Nauczanie w aplikacji TEAMS dowiedz si\u0119 jak wykorzystywa\u0107 narz\u0119dzia Microsoft w codziennej pracy i w czasie nauczania zdalnego.","robots":{"index":"index","follow":"follow","max-snippet":"max-snippet:-1","max-image-preview":"max-image-preview:large","max-video-preview":"max-video-preview:-1"},"canonical":"https:\/\/cultureofmind.pl\/en\/product\/nauczanie-w-aplikacji-teams\/","og_locale":"en_US","og_type":"article","og_title":"Jak zaplanowa\u0107 i zorganizowa\u0107 nauczanie zdalne z Notesem w aplikacji TEAMS - Culture of Mind","og_description":"Nauczanie w aplikacji TEAMS dowiedz si\u0119 jak wykorzystywa\u0107 narz\u0119dzia Microsoft w codziennej pracy i w czasie nauczania zdalnego.","og_url":"https:\/\/cultureofmind.pl\/en\/product\/nauczanie-w-aplikacji-teams\/","og_site_name":"Culture of Mind","article_modified_time":"2025-04-12T21:33:42+00:00","og_image":[{"width":500,"height":357,"url":"https:\/\/cultureofmind.pl\/wp-content\/uploads\/2022\/07\/mini-7-min.png","type":"image\/png"}],"twitter_card":"summary_large_image","twitter_misc":{"Est. reading time":"1 minute"},"schema":{"@context":"https:\/\/schema.org","@graph":[{"@type":"WebPage","@id":"https:\/\/cultureofmind.pl\/produkt\/nauczanie-w-aplikacji-teams\/","url":"https:\/\/cultureofmind.pl\/produkt\/nauczanie-w-aplikacji-teams\/","name":"Jak zaplanowa\u0107 i zorganizowa\u0107 nauczanie zdalne z Notesem w aplikacji TEAMS - Culture of Mind","isPartOf":{"@id":"https:\/\/cultureofmind.pl\/#website"},"datePublished":"2022-07-04T07:50:31+00:00","dateModified":"2025-04-12T21:33:42+00:00","description":"Nauczanie w aplikacji TEAMS dowiedz si\u0119 jak wykorzystywa\u0107 narz\u0119dzia Microsoft w codziennej pracy i w czasie nauczania zdalnego.","breadcrumb":{"@id":"https:\/\/cultureofmind.pl\/produkt\/nauczanie-w-aplikacji-teams\/#breadcrumb"},"inLanguage":"en-US","potentialAction":[{"@type":"ReadAction","target":["https:\/\/cultureofmind.pl\/produkt\/nauczanie-w-aplikacji-teams\/"]}]},{"@type":"BreadcrumbList","@id":"https:\/\/cultureofmind.pl\/produkt\/nauczanie-w-aplikacji-teams\/#breadcrumb","itemListElement":[{"@type":"ListItem","position":1,"name":"Home","item":"https:\/\/cultureofmind.pl\/"},{"@type":"ListItem","position":2,"name":"Sklep","item":"https:\/\/cultureofmind.pl\/sklep\/"},{"@type":"ListItem","position":3,"name":"Jak zaplanowa\u0107 i zorganizowa\u0107 nauczanie zdalne z Notesem w aplikacji TEAMS"}]},{"@type":"WebSite","@id":"https:\/\/cultureofmind.pl\/#website","url":"https:\/\/cultureofmind.pl\/","name":"Culture of Mind","description":"CultureOfMind","publisher":{"@id":"https:\/\/cultureofmind.pl\/#organization"},"potentialAction":[{"@type":"SearchAction","target":{"@type":"EntryPoint","urlTemplate":"https:\/\/cultureofmind.pl\/?s={search_term_string}"},"query-input":"required name=search_term_string"}],"inLanguage":"en-US"},{"@type":"Organization","@id":"https:\/\/cultureofmind.pl\/#organization","name":"Culture of Mind","url":"https:\/\/cultureofmind.pl\/","logo":{"@type":"ImageObject","inLanguage":"en-US","@id":"https:\/\/cultureofmind.pl\/#\/schema\/logo\/image\/","url":"https:\/\/cultureofmind.pl\/wp-content\/uploads\/2023\/10\/cropped-Rectangle-57.png","contentUrl":"https:\/\/cultureofmind.pl\/wp-content\/uploads\/2023\/10\/cropped-Rectangle-57.png","width":150,"height":150,"caption":"Culture of Mind"},"image":{"@id":"https:\/\/cultureofmind.pl\/#\/schema\/logo\/image\/"}}]}},"_links":{"self":[{"href":"https:\/\/cultureofmind.pl\/en\/wp-json\/wp\/v2\/product\/9301","targetHints":{"allow":["GET"]}}],"collection":[{"href":"https:\/\/cultureofmind.pl\/en\/wp-json\/wp\/v2\/product"}],"about":[{"href":"https:\/\/cultureofmind.pl\/en\/wp-json\/wp\/v2\/types\/product"}],"replies":[{"embeddable":true,"href":"https:\/\/cultureofmind.pl\/en\/wp-json\/wp\/v2\/comments?post=9301"}],"version-history":[{"count":1,"href":"https:\/\/cultureofmind.pl\/en\/wp-json\/wp\/v2\/product\/9301\/revisions"}],"predecessor-version":[{"id":9307,"href":"https:\/\/cultureofmind.pl\/en\/wp-json\/wp\/v2\/product\/9301\/revisions\/9307"}],"wp:featuredmedia":[{"embeddable":true,"href":"https:\/\/cultureofmind.pl\/en\/wp-json\/wp\/v2\/media\/9306"}],"wp:attachment":[{"href":"https:\/\/cultureofmind.pl\/en\/wp-json\/wp\/v2\/media?parent=9301"}],"wp:term":[{"taxonomy":"product_cat","embeddable":true,"href":"https:\/\/cultureofmind.pl\/en\/wp-json\/wp\/v2\/product_cat?post=9301"},{"taxonomy":"product_tag","embeddable":true,"href":"https:\/\/cultureofmind.pl\/en\/wp-json\/wp\/v2\/product_tag?post=9301"}],"curies":[{"name":"wp","href":"https:\/\/api.w.org\/{rel}","templated":true}]}}