{"id":9287,"date":"2022-07-04T09:33:23","date_gmt":"2022-07-04T07:33:23","guid":{"rendered":"https:\/\/server116294.nazwa.pl\/wordpress\/wpn_cultureofmind_main\/?post_type=product&#038;p=9287"},"modified":"2023-01-16T08:47:32","modified_gmt":"2023-01-16T07:47:32","slug":"druk-3d","status":"publish","type":"product","link":"https:\/\/cultureofmind.pl\/en\/product\/druk-3d\/","title":{"rendered":"Druk 3D"},"content":{"rendered":"<p>Celem szkolenia jest pog\u0142\u0119bienie wiedzy w zakresie podstaw druku 3D. Szkolenie ma na celu zapoznanie uczestnik\u00f3w z budow\u0105 drukarki 3D, jak i podstawow\u0105 obs\u0142ug\u0105 oraz konserwacj\u0105. Ze szkolenia dowiemy si\u0119 r\u00f3wnie\u017c jakie jest zastosowanie edukacyjne druku 3D w praktycznych przyk\u0142adach.<\/p>\n<p>Rozw\u00f3j nowych metod dydaktycznych, usprawnia proces kszta\u0142cenia uczni\u00f3w i student\u00f3w. Podstawowym zadaniem nauczyciela okazuje si\u0119 przystosowanie do zmian, zw\u0142aszcza wdra\u017canie nowych metod nauczania i wykorzystanie nowoczesnych urz\u0105dze\u0144 w trakcie nauki. Przy pomocy drukarki 3D mo\u017cliwe jest tworzenie obiekt\u00f3w przestrzennych a zarazem zainteresowanie ucznia oraz zwi\u0119kszenie jego aktywno\u015b\u0107, jednocze\u015bnie osi\u0105gaj\u0105c za\u0142o\u017cone cele dydaktyczne.<\/p>\n<p>&nbsp;<\/p>\n<ol>\n<li>Zortrax M200 Plus <strong>UnBox and setting<\/strong>: \u00a0 \u00a0 a) odpakowanie oraz opis narz\u0119dzi do obs\u0142ugi drukarki 3D,\u00a0 \u00a0 b) monta\u017c element\u00f3w drukarki 3D,\u00a0 \u00a0 c) przygotowanie do pracy.<\/li>\n<li>Zortrax M200 Plus <strong>Budowa drukarki 3D<\/strong>: a) opis metody druku, b) opis budowy drukarki 3D.<\/li>\n<li>Zortrax M200 Plus <strong>Obs\u0142uga menu<\/strong>: \u00a0 \u00a0 a) zapoznanie si\u0119 poj\u0119ciami u\u017cywanych w druku 3D,\u00a0 \u00a0 b) poruszanie oraz opis funkcji menu drukarki 3D.<\/li>\n<li>Zortrax M200 Plus <strong>Pod\u0142\u0105czenie do sieci oraz aktualizacja<\/strong>:\u00a0 \u00a0 a) opis oprogramowania uk\u0142adowego firmware,\u00a0 \u00a0 b) procedura pod\u0142\u0105czenia urz\u0105dzenia do sieci Wi-Fi oraz LAN,\u00a0 \u00a0 c) aktualizacja oprogramowania uk\u0142adowego firmware<\/li>\n<li>Zortrax M200 Plus <strong>Za\u0142adowanie i wy\u0142adowanie materia\u0142u<\/strong>:\u00a0 \u00a0 a) procedura za\u0142adowania oraz wy\u0142adowania materia\u0142u (filamentu) do drukarki 3D.<\/li>\n<li>Zortrax M200 Plus <strong>Poziomowanie platformy<\/strong>: a) procedura poziomowania platformy roboczej<\/li>\n<li>Zortrax M200 Plus <strong>Instalacja oraz obs\u0142uga Z-Suite: <\/strong>a) instalacja oprogramowania przygotowuj\u0105cego modele do druku, b) opis oraz konfiguracja programu Z-Suite.<\/li>\n<li>Zortrax M200 Plus <strong>Praca z modelami krok po kroku: <\/strong>a) szczeg\u00f3\u0142owy opis funkcji oprogramowania Z-Suite2, b) przygotowanie modelu do druku krok po kroku<\/li>\n<\/ol>\n<p>&nbsp;<\/p>\n<div class=\"tutor-course-details-content tutor-toggle-more-content\" data-tutor-toggle-more-content=\"\" data-toggle-height=\"200\">\n<div class=\"tutor-fs-6 tutor-color-secondary\">\n<p>Szkolenie w formie nagrania ze szkolenia na platformie ClickMeeting.<\/p>\n<div class=\"tutor-course-details-content tutor-toggle-more-content\" data-tutor-toggle-more-content=\"\" data-toggle-height=\"200\">\n<div class=\"tutor-fs-6 tutor-color-secondary\">\n<p>Za\u015bwiadczenie ze szkolenia\u00a0<strong>Druk 3D <\/strong>\u00a0mo\u017cesz odebra\u0107 pisz\u0105c na biuro@grupasokrates.pl<\/p>\n<p>Za\u015bwiadczenie jest wysy\u0142ane drog\u0105 elektroniczn\u0105 i zawiera si\u0119 w cenie szkolenia.<\/p>\n<p><a href=\"https:\/\/www.facebook.com\/GrupaSokrates\" target=\"_blank\" rel=\"noopener\">GES Sokrates na Facebooku<\/a><\/p>\n<p><a href=\"https:\/\/server116294.nazwa.pl\/wordpress\/wpn_cultureofmind_main\/polityka-prywatnosci\/\">Privacy Policy<\/a><\/p>\n<\/div>\n<\/div>\n<\/div>\n<\/div>","protected":false},"excerpt":{"rendered":"<p>Celem szkolenia jest pog\u0142\u0119bienie wiedzy w zakresie podstaw druku 3D. Szkolenie ma na celu zapoznanie uczestnik\u00f3w z budow\u0105 drukarki 3D,<\/p>","protected":false},"featured_media":9288,"comment_status":"open","ping_status":"closed","template":"","meta":[],"product_cat":[15],"product_tag":[],"class_list":["post-9287","product","type-product","status-publish","has-post-thumbnail","hentry","product_cat-bez-kategorii"],"yoast_head":"<!-- This site is optimized with the Yoast SEO plugin v21.3 - https:\/\/yoast.com\/wordpress\/plugins\/seo\/ -->\n<title>Druk 3D - Culture of Mind<\/title>\n<meta name=\"description\" content=\"Druk 3D to szkolenie, kt\u00f3re przygotuje Ci\u0119 do pracy z drukark\u0105 3D oraz przeka\u017ce praktyczne informacje o tym jak pracowa\u0107 z ni\u0105 na lekcji.\" \/>\n<meta name=\"robots\" content=\"index, follow, max-snippet:-1, max-image-preview:large, max-video-preview:-1\" \/>\n<link rel=\"canonical\" href=\"https:\/\/cultureofmind.pl\/en\/product\/druk-3d\/\" \/>\n<meta property=\"og:locale\" content=\"en_US\" \/>\n<meta property=\"og:type\" content=\"article\" \/>\n<meta property=\"og:title\" content=\"Druk 3D - Culture of Mind\" \/>\n<meta property=\"og:description\" content=\"Druk 3D to szkolenie, kt\u00f3re przygotuje Ci\u0119 do pracy z drukark\u0105 3D oraz przeka\u017ce praktyczne informacje o tym jak pracowa\u0107 z ni\u0105 na lekcji.\" \/>\n<meta property=\"og:url\" content=\"https:\/\/cultureofmind.pl\/en\/product\/druk-3d\/\" \/>\n<meta property=\"og:site_name\" content=\"Culture of Mind\" \/>\n<meta property=\"article:modified_time\" content=\"2023-01-16T07:47:32+00:00\" \/>\n<meta property=\"og:image\" content=\"https:\/\/cultureofmind.pl\/wp-content\/uploads\/2022\/07\/mini-6-min.png\" \/>\n\t<meta property=\"og:image:width\" content=\"500\" \/>\n\t<meta property=\"og:image:height\" content=\"357\" \/>\n\t<meta property=\"og:image:type\" content=\"image\/png\" \/>\n<meta name=\"twitter:card\" content=\"summary_large_image\" \/>\n<meta name=\"twitter:label1\" content=\"Est. reading time\" \/>\n\t<meta name=\"twitter:data1\" content=\"2 minutes\" \/>\n<script type=\"application\/ld+json\" class=\"yoast-schema-graph\">{\"@context\":\"https:\/\/schema.org\",\"@graph\":[{\"@type\":\"WebPage\",\"@id\":\"https:\/\/cultureofmind.pl\/produkt\/druk-3d\/\",\"url\":\"https:\/\/cultureofmind.pl\/produkt\/druk-3d\/\",\"name\":\"Druk 3D - Culture of Mind\",\"isPartOf\":{\"@id\":\"https:\/\/cultureofmind.pl\/#website\"},\"datePublished\":\"2022-07-04T07:33:23+00:00\",\"dateModified\":\"2023-01-16T07:47:32+00:00\",\"description\":\"Druk 3D to szkolenie, kt\u00f3re przygotuje Ci\u0119 do pracy z drukark\u0105 3D oraz przeka\u017ce praktyczne informacje o tym jak pracowa\u0107 z ni\u0105 na lekcji.\",\"breadcrumb\":{\"@id\":\"https:\/\/cultureofmind.pl\/produkt\/druk-3d\/#breadcrumb\"},\"inLanguage\":\"en-US\",\"potentialAction\":[{\"@type\":\"ReadAction\",\"target\":[\"https:\/\/cultureofmind.pl\/produkt\/druk-3d\/\"]}]},{\"@type\":\"BreadcrumbList\",\"@id\":\"https:\/\/cultureofmind.pl\/produkt\/druk-3d\/#breadcrumb\",\"itemListElement\":[{\"@type\":\"ListItem\",\"position\":1,\"name\":\"Home\",\"item\":\"https:\/\/cultureofmind.pl\/\"},{\"@type\":\"ListItem\",\"position\":2,\"name\":\"Sklep\",\"item\":\"https:\/\/cultureofmind.pl\/sklep\/\"},{\"@type\":\"ListItem\",\"position\":3,\"name\":\"Druk 3D\"}]},{\"@type\":\"WebSite\",\"@id\":\"https:\/\/cultureofmind.pl\/#website\",\"url\":\"https:\/\/cultureofmind.pl\/\",\"name\":\"Culture of Mind\",\"description\":\"CultureOfMind\",\"publisher\":{\"@id\":\"https:\/\/cultureofmind.pl\/#organization\"},\"potentialAction\":[{\"@type\":\"SearchAction\",\"target\":{\"@type\":\"EntryPoint\",\"urlTemplate\":\"https:\/\/cultureofmind.pl\/?s={search_term_string}\"},\"query-input\":\"required name=search_term_string\"}],\"inLanguage\":\"en-US\"},{\"@type\":\"Organization\",\"@id\":\"https:\/\/cultureofmind.pl\/#organization\",\"name\":\"Culture of Mind\",\"url\":\"https:\/\/cultureofmind.pl\/\",\"logo\":{\"@type\":\"ImageObject\",\"inLanguage\":\"en-US\",\"@id\":\"https:\/\/cultureofmind.pl\/#\/schema\/logo\/image\/\",\"url\":\"https:\/\/cultureofmind.pl\/wp-content\/uploads\/2023\/10\/cropped-Rectangle-57.png\",\"contentUrl\":\"https:\/\/cultureofmind.pl\/wp-content\/uploads\/2023\/10\/cropped-Rectangle-57.png\",\"width\":150,\"height\":150,\"caption\":\"Culture of Mind\"},\"image\":{\"@id\":\"https:\/\/cultureofmind.pl\/#\/schema\/logo\/image\/\"}}]}<\/script>\n<!-- \/ Yoast SEO plugin. -->","yoast_head_json":{"title":"Druk 3D - Culture of Mind","description":"Druk 3D to szkolenie, kt\u00f3re przygotuje Ci\u0119 do pracy z drukark\u0105 3D oraz przeka\u017ce praktyczne informacje o tym jak pracowa\u0107 z ni\u0105 na lekcji.","robots":{"index":"index","follow":"follow","max-snippet":"max-snippet:-1","max-image-preview":"max-image-preview:large","max-video-preview":"max-video-preview:-1"},"canonical":"https:\/\/cultureofmind.pl\/en\/product\/druk-3d\/","og_locale":"en_US","og_type":"article","og_title":"Druk 3D - Culture of Mind","og_description":"Druk 3D to szkolenie, kt\u00f3re przygotuje Ci\u0119 do pracy z drukark\u0105 3D oraz przeka\u017ce praktyczne informacje o tym jak pracowa\u0107 z ni\u0105 na lekcji.","og_url":"https:\/\/cultureofmind.pl\/en\/product\/druk-3d\/","og_site_name":"Culture of Mind","article_modified_time":"2023-01-16T07:47:32+00:00","og_image":[{"width":500,"height":357,"url":"https:\/\/cultureofmind.pl\/wp-content\/uploads\/2022\/07\/mini-6-min.png","type":"image\/png"}],"twitter_card":"summary_large_image","twitter_misc":{"Est. reading time":"2 minutes"},"schema":{"@context":"https:\/\/schema.org","@graph":[{"@type":"WebPage","@id":"https:\/\/cultureofmind.pl\/produkt\/druk-3d\/","url":"https:\/\/cultureofmind.pl\/produkt\/druk-3d\/","name":"Druk 3D - Culture of Mind","isPartOf":{"@id":"https:\/\/cultureofmind.pl\/#website"},"datePublished":"2022-07-04T07:33:23+00:00","dateModified":"2023-01-16T07:47:32+00:00","description":"Druk 3D to szkolenie, kt\u00f3re przygotuje Ci\u0119 do pracy z drukark\u0105 3D oraz przeka\u017ce praktyczne informacje o tym jak pracowa\u0107 z ni\u0105 na lekcji.","breadcrumb":{"@id":"https:\/\/cultureofmind.pl\/produkt\/druk-3d\/#breadcrumb"},"inLanguage":"en-US","potentialAction":[{"@type":"ReadAction","target":["https:\/\/cultureofmind.pl\/produkt\/druk-3d\/"]}]},{"@type":"BreadcrumbList","@id":"https:\/\/cultureofmind.pl\/produkt\/druk-3d\/#breadcrumb","itemListElement":[{"@type":"ListItem","position":1,"name":"Home","item":"https:\/\/cultureofmind.pl\/"},{"@type":"ListItem","position":2,"name":"Sklep","item":"https:\/\/cultureofmind.pl\/sklep\/"},{"@type":"ListItem","position":3,"name":"Druk 3D"}]},{"@type":"WebSite","@id":"https:\/\/cultureofmind.pl\/#website","url":"https:\/\/cultureofmind.pl\/","name":"Culture of Mind","description":"CultureOfMind","publisher":{"@id":"https:\/\/cultureofmind.pl\/#organization"},"potentialAction":[{"@type":"SearchAction","target":{"@type":"EntryPoint","urlTemplate":"https:\/\/cultureofmind.pl\/?s={search_term_string}"},"query-input":"required name=search_term_string"}],"inLanguage":"en-US"},{"@type":"Organization","@id":"https:\/\/cultureofmind.pl\/#organization","name":"Culture of Mind","url":"https:\/\/cultureofmind.pl\/","logo":{"@type":"ImageObject","inLanguage":"en-US","@id":"https:\/\/cultureofmind.pl\/#\/schema\/logo\/image\/","url":"https:\/\/cultureofmind.pl\/wp-content\/uploads\/2023\/10\/cropped-Rectangle-57.png","contentUrl":"https:\/\/cultureofmind.pl\/wp-content\/uploads\/2023\/10\/cropped-Rectangle-57.png","width":150,"height":150,"caption":"Culture of Mind"},"image":{"@id":"https:\/\/cultureofmind.pl\/#\/schema\/logo\/image\/"}}]}},"_links":{"self":[{"href":"https:\/\/cultureofmind.pl\/en\/wp-json\/wp\/v2\/product\/9287","targetHints":{"allow":["GET"]}}],"collection":[{"href":"https:\/\/cultureofmind.pl\/en\/wp-json\/wp\/v2\/product"}],"about":[{"href":"https:\/\/cultureofmind.pl\/en\/wp-json\/wp\/v2\/types\/product"}],"replies":[{"embeddable":true,"href":"https:\/\/cultureofmind.pl\/en\/wp-json\/wp\/v2\/comments?post=9287"}],"version-history":[{"count":1,"href":"https:\/\/cultureofmind.pl\/en\/wp-json\/wp\/v2\/product\/9287\/revisions"}],"predecessor-version":[{"id":9289,"href":"https:\/\/cultureofmind.pl\/en\/wp-json\/wp\/v2\/product\/9287\/revisions\/9289"}],"wp:featuredmedia":[{"embeddable":true,"href":"https:\/\/cultureofmind.pl\/en\/wp-json\/wp\/v2\/media\/9288"}],"wp:attachment":[{"href":"https:\/\/cultureofmind.pl\/en\/wp-json\/wp\/v2\/media?parent=9287"}],"wp:term":[{"taxonomy":"product_cat","embeddable":true,"href":"https:\/\/cultureofmind.pl\/en\/wp-json\/wp\/v2\/product_cat?post=9287"},{"taxonomy":"product_tag","embeddable":true,"href":"https:\/\/cultureofmind.pl\/en\/wp-json\/wp\/v2\/product_tag?post=9287"}],"curies":[{"name":"wp","href":"https:\/\/api.w.org\/{rel}","templated":true}]}}