{"id":9251,"date":"2022-06-30T17:12:57","date_gmt":"2022-06-30T15:12:57","guid":{"rendered":"https:\/\/server116294.nazwa.pl\/wordpress\/wpn_cultureofmind_main\/?post_type=product&#038;p=9251"},"modified":"2024-11-05T03:31:47","modified_gmt":"2024-11-05T02:31:47","slug":"przygotowanie-do-konkursu-dyrektora","status":"publish","type":"product","link":"https:\/\/cultureofmind.pl\/en\/product\/przygotowanie-do-konkursu-dyrektora\/","title":{"rendered":"Przygotowanie do konkursu dyrektora"},"content":{"rendered":"<p class=\"v1MsoNormal\"><b><i>Przygotowanie si\u0119 do roli dyrektora plac\u00f3wki o\u015bwiatowej oraz pe\u0142nienie tej funkcji to wyzwanie bez wzgl\u0119du na do\u015bwiadczenie i sta\u017c pracy na tym stanowisku.<\/i><\/b>\u00a0Niezale\u017cnie od dorobku zawodowego i do\u015bwiadczenia, biurokracja i wci\u0105\u017c zmieniaj\u0105ce si\u0119 przepisy prawa stanowi\u0105 wyzwanie a dyrektor lub kandydat na to stanowisko nie mo\u017ce liczy\u0107 na \u017cadne taryfy ulgowe.<\/p>\n<p class=\"v1MsoNormal\">W jaki spos\u00f3b przygotowa\u0107 si\u0119 do konkursu na stanowisko dyrektora, a tym samym do oceny swojej pracy \u2013 sformalizowanej, stresuj\u0105cej, nieuniknionej? Jak uporz\u0105dkowa\u0107 g\u0105szcz przepis\u00f3w, ogrom zada\u0144 i napisa\u0107 ciekaw\u0105, realn\u0105 koncepcj\u0119? Jak wsp\u00f3\u0142pracowa\u0107 z organem prowadz\u0105cym, organem nadzoruj\u0105cym oraz zwi\u0105zkami zawodowymi?<\/p>\n<p class=\"v1MsoNormal\"><strong>Przyk\u0142adowe zagadnienia:<\/strong><\/p>\n<ul type=\"disc\">\n<li class=\"v1MsoListParagraph\">Akty prawne.<\/li>\n<li class=\"v1MsoListParagraph\">Indywidualne nauczanie.<\/li>\n<li class=\"v1MsoListParagraph\">Dokumentacja przebiegu nauczania.<\/li>\n<li class=\"v1MsoListParagraph\">Organizacja plac\u00f3wek o\u015bwiatowo-wychowawczych.<\/li>\n<li class=\"v1MsoListParagraph\">Arkusz organizacyjny szko\u0142y i przedszkola.<\/li>\n<li class=\"v1MsoListParagraph\">Organizacja publicznych szk\u00f3\u0142 i plac\u00f3wek.<\/li>\n<li class=\"v1MsoListParagraph\">Obszary wsp\u00f3\u0142pracy ze zwi\u0105zkami zawodowymi.<\/li>\n<li class=\"v1MsoListParagraph\">Analiza przyk\u0142adowych pyta\u0144 konkursowych.<\/li>\n<\/ul>\n<p>&nbsp;<\/p>\n<p>Prowadz\u0105ca to wyk\u0142adowca akademicki, wieloletni pracownik administracji publicznej, w tym organu nadzoru pedagogicznego, zast\u0119pca przewodnicz\u0105cego wsp\u00f3lnej komisji dyscyplinarnej dla cz\u0142onk\u00f3w korpusu s\u0142u\u017cby cywilnej ANNA KR\u00d3L.<\/p>\n<p>&nbsp;<\/p>\n<p>Za\u015bwiadczenie ze szkolenia \u00a0mo\u017cesz odebra\u0107 pisz\u0105c na biuro@grupasokrates.pl<\/p>\n<p>Za\u015bwiadczenie jest wysy\u0142ane drog\u0105 elektroniczn\u0105 i zawiera si\u0119 w cenie szkolenia.<\/p>\n<p><a href=\"https:\/\/www.facebook.com\/GrupaSokrates\" target=\"_blank\" rel=\"noopener\">GES Sokrates na Facebooku<\/a><\/p>\n<p><a href=\"https:\/\/server116294.nazwa.pl\/wordpress\/wpn_cultureofmind_main\/polityka-prywatnosci\/\">Privacy Policy<\/a><\/p>","protected":false},"excerpt":{"rendered":"<p>Przygotowanie si\u0119 do roli dyrektora plac\u00f3wki o\u015bwiatowej oraz pe\u0142nienie tej funkcji to wyzwanie bez wzgl\u0119du na do\u015bwiadczenie i sta\u017c pracy<\/p>","protected":false},"featured_media":9253,"comment_status":"open","ping_status":"closed","template":"","meta":[],"product_cat":[15],"product_tag":[],"class_list":["post-9251","product","type-product","status-publish","has-post-thumbnail","hentry","product_cat-bez-kategorii"],"yoast_head":"<!-- This site is optimized with the Yoast SEO plugin v21.3 - https:\/\/yoast.com\/wordpress\/plugins\/seo\/ -->\n<title>Przygotowanie do konkursu dyrektora - Culture of Mind<\/title>\n<meta name=\"description\" content=\"Przygotowanie do konkursu dyrektora to szkolenie, kt\u00f3re pomo\u017ce w przygotowaniach do konkursu na stanowisko dyrektora.\" \/>\n<meta name=\"robots\" content=\"index, follow, max-snippet:-1, max-image-preview:large, max-video-preview:-1\" \/>\n<link rel=\"canonical\" href=\"https:\/\/cultureofmind.pl\/en\/product\/przygotowanie-do-konkursu-dyrektora\/\" \/>\n<meta property=\"og:locale\" content=\"en_US\" \/>\n<meta property=\"og:type\" content=\"article\" \/>\n<meta property=\"og:title\" content=\"Przygotowanie do konkursu dyrektora - Culture of Mind\" \/>\n<meta property=\"og:description\" content=\"Przygotowanie do konkursu dyrektora to szkolenie, kt\u00f3re pomo\u017ce w przygotowaniach do konkursu na stanowisko dyrektora.\" \/>\n<meta property=\"og:url\" content=\"https:\/\/cultureofmind.pl\/en\/product\/przygotowanie-do-konkursu-dyrektora\/\" \/>\n<meta property=\"og:site_name\" content=\"Culture of Mind\" \/>\n<meta property=\"article:modified_time\" content=\"2024-11-05T02:31:47+00:00\" \/>\n<meta property=\"og:image\" content=\"https:\/\/cultureofmind.pl\/wp-content\/uploads\/2022\/06\/mini-4-min-1.png\" \/>\n\t<meta property=\"og:image:width\" content=\"500\" \/>\n\t<meta property=\"og:image:height\" content=\"357\" \/>\n\t<meta property=\"og:image:type\" content=\"image\/png\" \/>\n<meta name=\"twitter:card\" content=\"summary_large_image\" \/>\n<meta name=\"twitter:label1\" content=\"Est. reading time\" \/>\n\t<meta name=\"twitter:data1\" content=\"2 minutes\" \/>\n<script type=\"application\/ld+json\" class=\"yoast-schema-graph\">{\"@context\":\"https:\/\/schema.org\",\"@graph\":[{\"@type\":\"WebPage\",\"@id\":\"https:\/\/cultureofmind.pl\/produkt\/przygotowanie-do-konkursu-dyrektora\/\",\"url\":\"https:\/\/cultureofmind.pl\/produkt\/przygotowanie-do-konkursu-dyrektora\/\",\"name\":\"Przygotowanie do konkursu dyrektora - Culture of Mind\",\"isPartOf\":{\"@id\":\"https:\/\/cultureofmind.pl\/#website\"},\"datePublished\":\"2022-06-30T15:12:57+00:00\",\"dateModified\":\"2024-11-05T02:31:47+00:00\",\"description\":\"Przygotowanie do konkursu dyrektora to szkolenie, kt\u00f3re pomo\u017ce w przygotowaniach do konkursu na stanowisko dyrektora.\",\"breadcrumb\":{\"@id\":\"https:\/\/cultureofmind.pl\/produkt\/przygotowanie-do-konkursu-dyrektora\/#breadcrumb\"},\"inLanguage\":\"en-US\",\"potentialAction\":[{\"@type\":\"ReadAction\",\"target\":[\"https:\/\/cultureofmind.pl\/produkt\/przygotowanie-do-konkursu-dyrektora\/\"]}]},{\"@type\":\"BreadcrumbList\",\"@id\":\"https:\/\/cultureofmind.pl\/produkt\/przygotowanie-do-konkursu-dyrektora\/#breadcrumb\",\"itemListElement\":[{\"@type\":\"ListItem\",\"position\":1,\"name\":\"Home\",\"item\":\"https:\/\/cultureofmind.pl\/\"},{\"@type\":\"ListItem\",\"position\":2,\"name\":\"Sklep\",\"item\":\"https:\/\/cultureofmind.pl\/sklep\/\"},{\"@type\":\"ListItem\",\"position\":3,\"name\":\"Przygotowanie do konkursu dyrektora\"}]},{\"@type\":\"WebSite\",\"@id\":\"https:\/\/cultureofmind.pl\/#website\",\"url\":\"https:\/\/cultureofmind.pl\/\",\"name\":\"Culture of Mind\",\"description\":\"CultureOfMind\",\"publisher\":{\"@id\":\"https:\/\/cultureofmind.pl\/#organization\"},\"potentialAction\":[{\"@type\":\"SearchAction\",\"target\":{\"@type\":\"EntryPoint\",\"urlTemplate\":\"https:\/\/cultureofmind.pl\/?s={search_term_string}\"},\"query-input\":\"required name=search_term_string\"}],\"inLanguage\":\"en-US\"},{\"@type\":\"Organization\",\"@id\":\"https:\/\/cultureofmind.pl\/#organization\",\"name\":\"Culture of Mind\",\"url\":\"https:\/\/cultureofmind.pl\/\",\"logo\":{\"@type\":\"ImageObject\",\"inLanguage\":\"en-US\",\"@id\":\"https:\/\/cultureofmind.pl\/#\/schema\/logo\/image\/\",\"url\":\"https:\/\/cultureofmind.pl\/wp-content\/uploads\/2023\/10\/cropped-Rectangle-57.png\",\"contentUrl\":\"https:\/\/cultureofmind.pl\/wp-content\/uploads\/2023\/10\/cropped-Rectangle-57.png\",\"width\":150,\"height\":150,\"caption\":\"Culture of Mind\"},\"image\":{\"@id\":\"https:\/\/cultureofmind.pl\/#\/schema\/logo\/image\/\"}}]}<\/script>\n<!-- \/ Yoast SEO plugin. -->","yoast_head_json":{"title":"Przygotowanie do konkursu dyrektora - Culture of Mind","description":"Przygotowanie do konkursu dyrektora to szkolenie, kt\u00f3re pomo\u017ce w przygotowaniach do konkursu na stanowisko dyrektora.","robots":{"index":"index","follow":"follow","max-snippet":"max-snippet:-1","max-image-preview":"max-image-preview:large","max-video-preview":"max-video-preview:-1"},"canonical":"https:\/\/cultureofmind.pl\/en\/product\/przygotowanie-do-konkursu-dyrektora\/","og_locale":"en_US","og_type":"article","og_title":"Przygotowanie do konkursu dyrektora - Culture of Mind","og_description":"Przygotowanie do konkursu dyrektora to szkolenie, kt\u00f3re pomo\u017ce w przygotowaniach do konkursu na stanowisko dyrektora.","og_url":"https:\/\/cultureofmind.pl\/en\/product\/przygotowanie-do-konkursu-dyrektora\/","og_site_name":"Culture of Mind","article_modified_time":"2024-11-05T02:31:47+00:00","og_image":[{"width":500,"height":357,"url":"https:\/\/cultureofmind.pl\/wp-content\/uploads\/2022\/06\/mini-4-min-1.png","type":"image\/png"}],"twitter_card":"summary_large_image","twitter_misc":{"Est. reading time":"2 minutes"},"schema":{"@context":"https:\/\/schema.org","@graph":[{"@type":"WebPage","@id":"https:\/\/cultureofmind.pl\/produkt\/przygotowanie-do-konkursu-dyrektora\/","url":"https:\/\/cultureofmind.pl\/produkt\/przygotowanie-do-konkursu-dyrektora\/","name":"Przygotowanie do konkursu dyrektora - Culture of Mind","isPartOf":{"@id":"https:\/\/cultureofmind.pl\/#website"},"datePublished":"2022-06-30T15:12:57+00:00","dateModified":"2024-11-05T02:31:47+00:00","description":"Przygotowanie do konkursu dyrektora to szkolenie, kt\u00f3re pomo\u017ce w przygotowaniach do konkursu na stanowisko dyrektora.","breadcrumb":{"@id":"https:\/\/cultureofmind.pl\/produkt\/przygotowanie-do-konkursu-dyrektora\/#breadcrumb"},"inLanguage":"en-US","potentialAction":[{"@type":"ReadAction","target":["https:\/\/cultureofmind.pl\/produkt\/przygotowanie-do-konkursu-dyrektora\/"]}]},{"@type":"BreadcrumbList","@id":"https:\/\/cultureofmind.pl\/produkt\/przygotowanie-do-konkursu-dyrektora\/#breadcrumb","itemListElement":[{"@type":"ListItem","position":1,"name":"Home","item":"https:\/\/cultureofmind.pl\/"},{"@type":"ListItem","position":2,"name":"Sklep","item":"https:\/\/cultureofmind.pl\/sklep\/"},{"@type":"ListItem","position":3,"name":"Przygotowanie do konkursu dyrektora"}]},{"@type":"WebSite","@id":"https:\/\/cultureofmind.pl\/#website","url":"https:\/\/cultureofmind.pl\/","name":"Culture of Mind","description":"CultureOfMind","publisher":{"@id":"https:\/\/cultureofmind.pl\/#organization"},"potentialAction":[{"@type":"SearchAction","target":{"@type":"EntryPoint","urlTemplate":"https:\/\/cultureofmind.pl\/?s={search_term_string}"},"query-input":"required name=search_term_string"}],"inLanguage":"en-US"},{"@type":"Organization","@id":"https:\/\/cultureofmind.pl\/#organization","name":"Culture of Mind","url":"https:\/\/cultureofmind.pl\/","logo":{"@type":"ImageObject","inLanguage":"en-US","@id":"https:\/\/cultureofmind.pl\/#\/schema\/logo\/image\/","url":"https:\/\/cultureofmind.pl\/wp-content\/uploads\/2023\/10\/cropped-Rectangle-57.png","contentUrl":"https:\/\/cultureofmind.pl\/wp-content\/uploads\/2023\/10\/cropped-Rectangle-57.png","width":150,"height":150,"caption":"Culture of Mind"},"image":{"@id":"https:\/\/cultureofmind.pl\/#\/schema\/logo\/image\/"}}]}},"_links":{"self":[{"href":"https:\/\/cultureofmind.pl\/en\/wp-json\/wp\/v2\/product\/9251","targetHints":{"allow":["GET"]}}],"collection":[{"href":"https:\/\/cultureofmind.pl\/en\/wp-json\/wp\/v2\/product"}],"about":[{"href":"https:\/\/cultureofmind.pl\/en\/wp-json\/wp\/v2\/types\/product"}],"replies":[{"embeddable":true,"href":"https:\/\/cultureofmind.pl\/en\/wp-json\/wp\/v2\/comments?post=9251"}],"version-history":[{"count":2,"href":"https:\/\/cultureofmind.pl\/en\/wp-json\/wp\/v2\/product\/9251\/revisions"}],"predecessor-version":[{"id":9256,"href":"https:\/\/cultureofmind.pl\/en\/wp-json\/wp\/v2\/product\/9251\/revisions\/9256"}],"wp:featuredmedia":[{"embeddable":true,"href":"https:\/\/cultureofmind.pl\/en\/wp-json\/wp\/v2\/media\/9253"}],"wp:attachment":[{"href":"https:\/\/cultureofmind.pl\/en\/wp-json\/wp\/v2\/media?parent=9251"}],"wp:term":[{"taxonomy":"product_cat","embeddable":true,"href":"https:\/\/cultureofmind.pl\/en\/wp-json\/wp\/v2\/product_cat?post=9251"},{"taxonomy":"product_tag","embeddable":true,"href":"https:\/\/cultureofmind.pl\/en\/wp-json\/wp\/v2\/product_tag?post=9251"}],"curies":[{"name":"wp","href":"https:\/\/api.w.org\/{rel}","templated":true}]}}