{"id":9238,"date":"2022-06-30T16:52:26","date_gmt":"2022-06-30T14:52:26","guid":{"rendered":"https:\/\/server116294.nazwa.pl\/wordpress\/wpn_cultureofmind_main\/?post_type=product&#038;p=9238"},"modified":"2022-09-12T11:44:17","modified_gmt":"2022-09-12T09:44:17","slug":"eduskill-dla-szkoly","status":"publish","type":"product","link":"https:\/\/cultureofmind.pl\/en\/product\/eduskill-dla-szkoly\/","title":{"rendered":"EduSkill dla szko\u0142y"},"content":{"rendered":"<h1 class=\"top__header\">Platforma\u00a0<b>doskonalenia <\/b>dyrektor\u00f3w i nauczycieli<\/h1>\n<p><span class=\"top__desc\">Dost\u0119p do najwi\u0119kszej bazy akredytowanych szkole\u0144\u00a0<b>w cenie jednego klasycznego szkolenia!<\/b><\/span><\/p>\n<div class=\"top__footer\">\n<div class=\"top__footer-content\">\n<div class=\"top__footer-percent js-animate-in-viewport --animate\">60-90% &#8211; Tyle procent <b>bud\u017cetu<\/b>\u00a0na doskonalenie oszcz\u0119dza dyrektor wdra\u017caj\u0105cy platform\u0119 EduSkill.<\/div>\n<\/div>\n<\/div>\n<div><\/div>\n<div><strong>Dlaczego warto wdro\u017cy\u0107 EduSkill:<\/strong><\/div>\n<div>\n<div class=\"benefits\">\n<div class=\"benefits__groups\">\n<div class=\"benefits__element\">\n<div class=\"benefits__element-text\">\n<ul>\n<li class=\"benefits__element-text-header\"><strong>Oszcz\u0119dzasz pieni\u0105dze &#8211; <\/strong>materia\u0142y warte ponad 120 000 z\u0142 w cenie 2600 z\u0142 rocznie.<\/li>\n<li class=\"benefits__element-text-header\"><strong>Upraszczasz procesy &#8211;<\/strong> szkolenia dost\u0119pne na \u017c\u0105danie 24\/7 z telefonu, tabletu i komputera.<\/li>\n<li class=\"benefits__element-text-header\"><strong>Masz wi\u0119cej czasu &#8211;<\/strong> automatycznie generowane za\u015bwiadczenia za odbyte szkolenia.<\/li>\n<li class=\"benefits__element-text-header\"><strong>Zyskujesz co miesi\u0105c &#8211;<\/strong> regularnie aktualizujemy baz\u0119 szkole\u0144 bez dodatkowych op\u0142at (\u015brednio raz w miesi\u0105cu).<\/li>\n<\/ul>\n<\/div>\n<p>Sprawd\u017a wi\u0119cej na <a href=\"https:\/\/eduskill.pl\">www.eduskill.pl<\/a><\/p>\n<\/div>\n<\/div>\n<\/div>\n<div class=\"benefits__cta\">\n<div class=\"benefits__cta-icon\"><a href=\"https:\/\/server116294.nazwa.pl\/wordpress\/wpn_cultureofmind_main\/polityka-prywatnosci\/\">Polityka prywatno\u015bci.<\/a><\/div>\n<\/div>\n<\/div>\n<div id=\"offer\" class=\"landing__benefits\">\n<div class=\"benefits__header\">\n<div class=\"benefits__icon\"><\/div>\n<\/div>\n<\/div>","protected":false},"excerpt":{"rendered":"<p>Platforma\u00a0doskonalenia dyrektor\u00f3w i nauczycieli Dost\u0119p do najwi\u0119kszej bazy akredytowanych szkole\u0144\u00a0w cenie jednego klasycznego szkolenia! 60-90% &#8211; Tyle procent bud\u017cetu\u00a0na doskonalenie<\/p>","protected":false},"featured_media":9239,"comment_status":"open","ping_status":"closed","template":"","meta":[],"product_cat":[15],"product_tag":[],"class_list":["post-9238","product","type-product","status-publish","has-post-thumbnail","hentry","product_cat-bez-kategorii"],"yoast_head":"<!-- This site is optimized with the Yoast SEO plugin v21.3 - https:\/\/yoast.com\/wordpress\/plugins\/seo\/ -->\n<title>EduSkill dla szko\u0142y - Culture of Mind<\/title>\n<meta name=\"description\" content=\"EduSkill dla szko\u0142y zawiera szkolenia dla nauczycieli oraz dyrektora bez \u017cadnych limit\u00f3w w dowolnym miejscu i na ka\u017cdym urz\u0105dzeniu!\" \/>\n<meta name=\"robots\" content=\"index, follow, max-snippet:-1, max-image-preview:large, max-video-preview:-1\" \/>\n<link rel=\"canonical\" href=\"https:\/\/cultureofmind.pl\/en\/product\/eduskill-dla-szkoly\/\" \/>\n<meta property=\"og:locale\" content=\"en_US\" \/>\n<meta property=\"og:type\" content=\"article\" \/>\n<meta property=\"og:title\" content=\"EduSkill dla szko\u0142y - Culture of Mind\" \/>\n<meta property=\"og:description\" content=\"EduSkill dla szko\u0142y zawiera szkolenia dla nauczycieli oraz dyrektora bez \u017cadnych limit\u00f3w w dowolnym miejscu i na ka\u017cdym urz\u0105dzeniu!\" \/>\n<meta property=\"og:url\" content=\"https:\/\/cultureofmind.pl\/en\/product\/eduskill-dla-szkoly\/\" \/>\n<meta property=\"og:site_name\" content=\"Culture of Mind\" \/>\n<meta property=\"article:modified_time\" content=\"2022-09-12T09:44:17+00:00\" \/>\n<meta property=\"og:image\" content=\"https:\/\/cultureofmind.pl\/wp-content\/uploads\/2022\/06\/Rectangle_335.png\" \/>\n\t<meta property=\"og:image:width\" content=\"1000\" \/>\n\t<meta property=\"og:image:height\" content=\"562\" \/>\n\t<meta property=\"og:image:type\" content=\"image\/png\" \/>\n<meta name=\"twitter:card\" content=\"summary_large_image\" \/>\n<meta name=\"twitter:label1\" content=\"Est. reading time\" \/>\n\t<meta name=\"twitter:data1\" content=\"1 minute\" \/>\n<script type=\"application\/ld+json\" class=\"yoast-schema-graph\">{\"@context\":\"https:\/\/schema.org\",\"@graph\":[{\"@type\":\"WebPage\",\"@id\":\"https:\/\/cultureofmind.pl\/produkt\/eduskill-dla-szkoly\/\",\"url\":\"https:\/\/cultureofmind.pl\/produkt\/eduskill-dla-szkoly\/\",\"name\":\"EduSkill dla szko\u0142y - Culture of Mind\",\"isPartOf\":{\"@id\":\"https:\/\/cultureofmind.pl\/#website\"},\"datePublished\":\"2022-06-30T14:52:26+00:00\",\"dateModified\":\"2022-09-12T09:44:17+00:00\",\"description\":\"EduSkill dla szko\u0142y zawiera szkolenia dla nauczycieli oraz dyrektora bez \u017cadnych limit\u00f3w w dowolnym miejscu i na ka\u017cdym urz\u0105dzeniu!\",\"breadcrumb\":{\"@id\":\"https:\/\/cultureofmind.pl\/produkt\/eduskill-dla-szkoly\/#breadcrumb\"},\"inLanguage\":\"en-US\",\"potentialAction\":[{\"@type\":\"ReadAction\",\"target\":[\"https:\/\/cultureofmind.pl\/produkt\/eduskill-dla-szkoly\/\"]}]},{\"@type\":\"BreadcrumbList\",\"@id\":\"https:\/\/cultureofmind.pl\/produkt\/eduskill-dla-szkoly\/#breadcrumb\",\"itemListElement\":[{\"@type\":\"ListItem\",\"position\":1,\"name\":\"Home\",\"item\":\"https:\/\/cultureofmind.pl\/\"},{\"@type\":\"ListItem\",\"position\":2,\"name\":\"Sklep\",\"item\":\"https:\/\/cultureofmind.pl\/sklep\/\"},{\"@type\":\"ListItem\",\"position\":3,\"name\":\"EduSkill dla szko\u0142y\"}]},{\"@type\":\"WebSite\",\"@id\":\"https:\/\/cultureofmind.pl\/#website\",\"url\":\"https:\/\/cultureofmind.pl\/\",\"name\":\"Culture of Mind\",\"description\":\"CultureOfMind\",\"publisher\":{\"@id\":\"https:\/\/cultureofmind.pl\/#organization\"},\"potentialAction\":[{\"@type\":\"SearchAction\",\"target\":{\"@type\":\"EntryPoint\",\"urlTemplate\":\"https:\/\/cultureofmind.pl\/?s={search_term_string}\"},\"query-input\":\"required name=search_term_string\"}],\"inLanguage\":\"en-US\"},{\"@type\":\"Organization\",\"@id\":\"https:\/\/cultureofmind.pl\/#organization\",\"name\":\"Culture of Mind\",\"url\":\"https:\/\/cultureofmind.pl\/\",\"logo\":{\"@type\":\"ImageObject\",\"inLanguage\":\"en-US\",\"@id\":\"https:\/\/cultureofmind.pl\/#\/schema\/logo\/image\/\",\"url\":\"https:\/\/cultureofmind.pl\/wp-content\/uploads\/2023\/10\/cropped-Rectangle-57.png\",\"contentUrl\":\"https:\/\/cultureofmind.pl\/wp-content\/uploads\/2023\/10\/cropped-Rectangle-57.png\",\"width\":150,\"height\":150,\"caption\":\"Culture of Mind\"},\"image\":{\"@id\":\"https:\/\/cultureofmind.pl\/#\/schema\/logo\/image\/\"}}]}<\/script>\n<!-- \/ Yoast SEO plugin. -->","yoast_head_json":{"title":"EduSkill dla szko\u0142y - Culture of Mind","description":"EduSkill dla szko\u0142y zawiera szkolenia dla nauczycieli oraz dyrektora bez \u017cadnych limit\u00f3w w dowolnym miejscu i na ka\u017cdym urz\u0105dzeniu!","robots":{"index":"index","follow":"follow","max-snippet":"max-snippet:-1","max-image-preview":"max-image-preview:large","max-video-preview":"max-video-preview:-1"},"canonical":"https:\/\/cultureofmind.pl\/en\/product\/eduskill-dla-szkoly\/","og_locale":"en_US","og_type":"article","og_title":"EduSkill dla szko\u0142y - Culture of Mind","og_description":"EduSkill dla szko\u0142y zawiera szkolenia dla nauczycieli oraz dyrektora bez \u017cadnych limit\u00f3w w dowolnym miejscu i na ka\u017cdym urz\u0105dzeniu!","og_url":"https:\/\/cultureofmind.pl\/en\/product\/eduskill-dla-szkoly\/","og_site_name":"Culture of Mind","article_modified_time":"2022-09-12T09:44:17+00:00","og_image":[{"width":1000,"height":562,"url":"https:\/\/cultureofmind.pl\/wp-content\/uploads\/2022\/06\/Rectangle_335.png","type":"image\/png"}],"twitter_card":"summary_large_image","twitter_misc":{"Est. reading time":"1 minute"},"schema":{"@context":"https:\/\/schema.org","@graph":[{"@type":"WebPage","@id":"https:\/\/cultureofmind.pl\/produkt\/eduskill-dla-szkoly\/","url":"https:\/\/cultureofmind.pl\/produkt\/eduskill-dla-szkoly\/","name":"EduSkill dla szko\u0142y - Culture of Mind","isPartOf":{"@id":"https:\/\/cultureofmind.pl\/#website"},"datePublished":"2022-06-30T14:52:26+00:00","dateModified":"2022-09-12T09:44:17+00:00","description":"EduSkill dla szko\u0142y zawiera szkolenia dla nauczycieli oraz dyrektora bez \u017cadnych limit\u00f3w w dowolnym miejscu i na ka\u017cdym urz\u0105dzeniu!","breadcrumb":{"@id":"https:\/\/cultureofmind.pl\/produkt\/eduskill-dla-szkoly\/#breadcrumb"},"inLanguage":"en-US","potentialAction":[{"@type":"ReadAction","target":["https:\/\/cultureofmind.pl\/produkt\/eduskill-dla-szkoly\/"]}]},{"@type":"BreadcrumbList","@id":"https:\/\/cultureofmind.pl\/produkt\/eduskill-dla-szkoly\/#breadcrumb","itemListElement":[{"@type":"ListItem","position":1,"name":"Home","item":"https:\/\/cultureofmind.pl\/"},{"@type":"ListItem","position":2,"name":"Sklep","item":"https:\/\/cultureofmind.pl\/sklep\/"},{"@type":"ListItem","position":3,"name":"EduSkill dla szko\u0142y"}]},{"@type":"WebSite","@id":"https:\/\/cultureofmind.pl\/#website","url":"https:\/\/cultureofmind.pl\/","name":"Culture of Mind","description":"CultureOfMind","publisher":{"@id":"https:\/\/cultureofmind.pl\/#organization"},"potentialAction":[{"@type":"SearchAction","target":{"@type":"EntryPoint","urlTemplate":"https:\/\/cultureofmind.pl\/?s={search_term_string}"},"query-input":"required name=search_term_string"}],"inLanguage":"en-US"},{"@type":"Organization","@id":"https:\/\/cultureofmind.pl\/#organization","name":"Culture of Mind","url":"https:\/\/cultureofmind.pl\/","logo":{"@type":"ImageObject","inLanguage":"en-US","@id":"https:\/\/cultureofmind.pl\/#\/schema\/logo\/image\/","url":"https:\/\/cultureofmind.pl\/wp-content\/uploads\/2023\/10\/cropped-Rectangle-57.png","contentUrl":"https:\/\/cultureofmind.pl\/wp-content\/uploads\/2023\/10\/cropped-Rectangle-57.png","width":150,"height":150,"caption":"Culture of Mind"},"image":{"@id":"https:\/\/cultureofmind.pl\/#\/schema\/logo\/image\/"}}]}},"_links":{"self":[{"href":"https:\/\/cultureofmind.pl\/en\/wp-json\/wp\/v2\/product\/9238","targetHints":{"allow":["GET"]}}],"collection":[{"href":"https:\/\/cultureofmind.pl\/en\/wp-json\/wp\/v2\/product"}],"about":[{"href":"https:\/\/cultureofmind.pl\/en\/wp-json\/wp\/v2\/types\/product"}],"replies":[{"embeddable":true,"href":"https:\/\/cultureofmind.pl\/en\/wp-json\/wp\/v2\/comments?post=9238"}],"version-history":[{"count":1,"href":"https:\/\/cultureofmind.pl\/en\/wp-json\/wp\/v2\/product\/9238\/revisions"}],"predecessor-version":[{"id":9240,"href":"https:\/\/cultureofmind.pl\/en\/wp-json\/wp\/v2\/product\/9238\/revisions\/9240"}],"wp:featuredmedia":[{"embeddable":true,"href":"https:\/\/cultureofmind.pl\/en\/wp-json\/wp\/v2\/media\/9239"}],"wp:attachment":[{"href":"https:\/\/cultureofmind.pl\/en\/wp-json\/wp\/v2\/media?parent=9238"}],"wp:term":[{"taxonomy":"product_cat","embeddable":true,"href":"https:\/\/cultureofmind.pl\/en\/wp-json\/wp\/v2\/product_cat?post=9238"},{"taxonomy":"product_tag","embeddable":true,"href":"https:\/\/cultureofmind.pl\/en\/wp-json\/wp\/v2\/product_tag?post=9238"}],"curies":[{"name":"wp","href":"https:\/\/api.w.org\/{rel}","templated":true}]}}