{"id":9232,"date":"2022-06-30T16:36:40","date_gmt":"2022-06-30T14:36:40","guid":{"rendered":"https:\/\/server116294.nazwa.pl\/wordpress\/wpn_cultureofmind_main\/?post_type=product&#038;p=9232"},"modified":"2024-07-09T22:06:37","modified_gmt":"2024-07-09T20:06:37","slug":"generator-dokumentacji-dla-szkoly","status":"publish","type":"product","link":"https:\/\/cultureofmind.pl\/en\/product\/generator-dokumentacji-dla-szkoly\/","title":{"rendered":"Generator dokumentacji dla szko\u0142y"},"content":{"rendered":"<p><strong>SOKRATES SYSTEM ProManager<\/strong> generator dokumentacji dla szko\u0142y to pierwsza i jedyna w Polsce, kompleksowa platforma z zestawem narz\u0119dzi, kt\u00f3re wspieraj\u0105 Dyrektora na kluczowych etapach nadzoru pedagogicznego, zarz\u0105dzania plac\u00f3wk\u0105 oraz wysokiej jako\u015bci doskonalenia zawodowego nauczycieli z uwzgl\u0119dnieniem obowi\u0105zku wspomagania i oceniania ich pracy. Naszym klientom wystawiamy Certyfikat Innowacji Organizacyjnej w plac\u00f3wce!<\/p>\n<p><strong>Dynamicznie wygeneruj:<\/strong><\/p>\n<ul>\n<li>plan i sprawozdanie z nadzoru,<\/li>\n<li>wyniki ankiet oraz wywiad\u00f3w,<\/li>\n<li>ocen\u0119 pracy nauczyciela,<\/li>\n<li>dokumentacj\u0119 PPP,<\/li>\n<li>plan i sprawozdanie z awansu,<\/li>\n<li>ocen\u0119 dorobku nauczyciela,<\/li>\n<li>plan bada\u0144 wewn\u0119trznych,<\/li>\n<li>dokumentacj\u0119 zespo\u0142\u00f3w nauczycieli,<\/li>\n<li>kart\u0119 osi\u0105gni\u0119\u0107 i samoocen\u0119 nauczyciela.<\/li>\n<\/ul>\n<p>Dowiedz si\u0119 wi\u0119cej na <a href=\"https:\/\/systemsokrates.pl\">www.systemsokrates.pl\u00a0<\/a><\/p>\n<p>Chcesz zakupi\u0107 generator z innego paragrafu? Napisz do nas na <a href=\"mailto:biuro@grupasokrates.pl\">biuro@grupasokrates.pl<\/a><\/p>\n<p>Dost\u0119p do programu udost\u0119pniany jest w ci\u0105gu 48h od zakupu.<\/p>","protected":false},"excerpt":{"rendered":"<p>SOKRATES SYSTEM ProManager generator dokumentacji dla szko\u0142y to pierwsza i jedyna w Polsce, kompleksowa platforma z zestawem narz\u0119dzi, kt\u00f3re wspieraj\u0105<\/p>","protected":false},"featured_media":9231,"comment_status":"open","ping_status":"closed","template":"","meta":[],"product_cat":[15],"product_tag":[],"class_list":["post-9232","product","type-product","status-publish","has-post-thumbnail","hentry","product_cat-bez-kategorii"],"yoast_head":"<!-- This site is optimized with the Yoast SEO plugin v21.3 - https:\/\/yoast.com\/wordpress\/plugins\/seo\/ -->\n<title>Generator dokumentacji dla szko\u0142y - Culture of Mind<\/title>\n<meta name=\"description\" content=\"Generator dokumentacji dla szko\u0142y dowiedz si\u0119 jak stworzy\u0107 gotow\u0105 ocen\u0119 pracy nauczyciela nawet w 10 minut!\" \/>\n<meta name=\"robots\" content=\"index, follow, max-snippet:-1, max-image-preview:large, max-video-preview:-1\" \/>\n<link rel=\"canonical\" href=\"https:\/\/cultureofmind.pl\/en\/product\/generator-dokumentacji-dla-szkoly\/\" \/>\n<meta property=\"og:locale\" content=\"en_US\" \/>\n<meta property=\"og:type\" content=\"article\" \/>\n<meta property=\"og:title\" content=\"Generator dokumentacji dla szko\u0142y - Culture of Mind\" \/>\n<meta property=\"og:description\" content=\"Generator dokumentacji dla szko\u0142y dowiedz si\u0119 jak stworzy\u0107 gotow\u0105 ocen\u0119 pracy nauczyciela nawet w 10 minut!\" \/>\n<meta property=\"og:url\" content=\"https:\/\/cultureofmind.pl\/en\/product\/generator-dokumentacji-dla-szkoly\/\" \/>\n<meta property=\"og:site_name\" content=\"Culture of Mind\" \/>\n<meta property=\"article:modified_time\" content=\"2024-07-09T20:06:37+00:00\" \/>\n<meta property=\"og:image\" content=\"https:\/\/cultureofmind.pl\/wp-content\/uploads\/2022\/06\/mini-min-1.png\" \/>\n\t<meta property=\"og:image:width\" content=\"500\" \/>\n\t<meta property=\"og:image:height\" content=\"357\" \/>\n\t<meta property=\"og:image:type\" content=\"image\/png\" \/>\n<meta name=\"twitter:card\" content=\"summary_large_image\" \/>\n<meta name=\"twitter:label1\" content=\"Est. reading time\" \/>\n\t<meta name=\"twitter:data1\" content=\"1 minute\" \/>\n<script type=\"application\/ld+json\" class=\"yoast-schema-graph\">{\"@context\":\"https:\/\/schema.org\",\"@graph\":[{\"@type\":\"WebPage\",\"@id\":\"https:\/\/cultureofmind.pl\/produkt\/generator-dokumentacji-dla-szkoly\/\",\"url\":\"https:\/\/cultureofmind.pl\/produkt\/generator-dokumentacji-dla-szkoly\/\",\"name\":\"Generator dokumentacji dla szko\u0142y - Culture of Mind\",\"isPartOf\":{\"@id\":\"https:\/\/cultureofmind.pl\/#website\"},\"datePublished\":\"2022-06-30T14:36:40+00:00\",\"dateModified\":\"2024-07-09T20:06:37+00:00\",\"description\":\"Generator dokumentacji dla szko\u0142y dowiedz si\u0119 jak stworzy\u0107 gotow\u0105 ocen\u0119 pracy nauczyciela nawet w 10 minut!\",\"breadcrumb\":{\"@id\":\"https:\/\/cultureofmind.pl\/produkt\/generator-dokumentacji-dla-szkoly\/#breadcrumb\"},\"inLanguage\":\"en-US\",\"potentialAction\":[{\"@type\":\"ReadAction\",\"target\":[\"https:\/\/cultureofmind.pl\/produkt\/generator-dokumentacji-dla-szkoly\/\"]}]},{\"@type\":\"BreadcrumbList\",\"@id\":\"https:\/\/cultureofmind.pl\/produkt\/generator-dokumentacji-dla-szkoly\/#breadcrumb\",\"itemListElement\":[{\"@type\":\"ListItem\",\"position\":1,\"name\":\"Home\",\"item\":\"https:\/\/cultureofmind.pl\/\"},{\"@type\":\"ListItem\",\"position\":2,\"name\":\"Sklep\",\"item\":\"https:\/\/cultureofmind.pl\/sklep\/\"},{\"@type\":\"ListItem\",\"position\":3,\"name\":\"Generator dokumentacji dla szko\u0142y\"}]},{\"@type\":\"WebSite\",\"@id\":\"https:\/\/cultureofmind.pl\/#website\",\"url\":\"https:\/\/cultureofmind.pl\/\",\"name\":\"Culture of Mind\",\"description\":\"CultureOfMind\",\"publisher\":{\"@id\":\"https:\/\/cultureofmind.pl\/#organization\"},\"potentialAction\":[{\"@type\":\"SearchAction\",\"target\":{\"@type\":\"EntryPoint\",\"urlTemplate\":\"https:\/\/cultureofmind.pl\/?s={search_term_string}\"},\"query-input\":\"required name=search_term_string\"}],\"inLanguage\":\"en-US\"},{\"@type\":\"Organization\",\"@id\":\"https:\/\/cultureofmind.pl\/#organization\",\"name\":\"Culture of Mind\",\"url\":\"https:\/\/cultureofmind.pl\/\",\"logo\":{\"@type\":\"ImageObject\",\"inLanguage\":\"en-US\",\"@id\":\"https:\/\/cultureofmind.pl\/#\/schema\/logo\/image\/\",\"url\":\"https:\/\/cultureofmind.pl\/wp-content\/uploads\/2023\/10\/cropped-Rectangle-57.png\",\"contentUrl\":\"https:\/\/cultureofmind.pl\/wp-content\/uploads\/2023\/10\/cropped-Rectangle-57.png\",\"width\":150,\"height\":150,\"caption\":\"Culture of Mind\"},\"image\":{\"@id\":\"https:\/\/cultureofmind.pl\/#\/schema\/logo\/image\/\"}}]}<\/script>\n<!-- \/ Yoast SEO plugin. -->","yoast_head_json":{"title":"Generator dokumentacji dla szko\u0142y - Culture of Mind","description":"Generator dokumentacji dla szko\u0142y dowiedz si\u0119 jak stworzy\u0107 gotow\u0105 ocen\u0119 pracy nauczyciela nawet w 10 minut!","robots":{"index":"index","follow":"follow","max-snippet":"max-snippet:-1","max-image-preview":"max-image-preview:large","max-video-preview":"max-video-preview:-1"},"canonical":"https:\/\/cultureofmind.pl\/en\/product\/generator-dokumentacji-dla-szkoly\/","og_locale":"en_US","og_type":"article","og_title":"Generator dokumentacji dla szko\u0142y - Culture of Mind","og_description":"Generator dokumentacji dla szko\u0142y dowiedz si\u0119 jak stworzy\u0107 gotow\u0105 ocen\u0119 pracy nauczyciela nawet w 10 minut!","og_url":"https:\/\/cultureofmind.pl\/en\/product\/generator-dokumentacji-dla-szkoly\/","og_site_name":"Culture of Mind","article_modified_time":"2024-07-09T20:06:37+00:00","og_image":[{"width":500,"height":357,"url":"https:\/\/cultureofmind.pl\/wp-content\/uploads\/2022\/06\/mini-min-1.png","type":"image\/png"}],"twitter_card":"summary_large_image","twitter_misc":{"Est. reading time":"1 minute"},"schema":{"@context":"https:\/\/schema.org","@graph":[{"@type":"WebPage","@id":"https:\/\/cultureofmind.pl\/produkt\/generator-dokumentacji-dla-szkoly\/","url":"https:\/\/cultureofmind.pl\/produkt\/generator-dokumentacji-dla-szkoly\/","name":"Generator dokumentacji dla szko\u0142y - Culture of Mind","isPartOf":{"@id":"https:\/\/cultureofmind.pl\/#website"},"datePublished":"2022-06-30T14:36:40+00:00","dateModified":"2024-07-09T20:06:37+00:00","description":"Generator dokumentacji dla szko\u0142y dowiedz si\u0119 jak stworzy\u0107 gotow\u0105 ocen\u0119 pracy nauczyciela nawet w 10 minut!","breadcrumb":{"@id":"https:\/\/cultureofmind.pl\/produkt\/generator-dokumentacji-dla-szkoly\/#breadcrumb"},"inLanguage":"en-US","potentialAction":[{"@type":"ReadAction","target":["https:\/\/cultureofmind.pl\/produkt\/generator-dokumentacji-dla-szkoly\/"]}]},{"@type":"BreadcrumbList","@id":"https:\/\/cultureofmind.pl\/produkt\/generator-dokumentacji-dla-szkoly\/#breadcrumb","itemListElement":[{"@type":"ListItem","position":1,"name":"Home","item":"https:\/\/cultureofmind.pl\/"},{"@type":"ListItem","position":2,"name":"Sklep","item":"https:\/\/cultureofmind.pl\/sklep\/"},{"@type":"ListItem","position":3,"name":"Generator dokumentacji dla szko\u0142y"}]},{"@type":"WebSite","@id":"https:\/\/cultureofmind.pl\/#website","url":"https:\/\/cultureofmind.pl\/","name":"Culture of Mind","description":"CultureOfMind","publisher":{"@id":"https:\/\/cultureofmind.pl\/#organization"},"potentialAction":[{"@type":"SearchAction","target":{"@type":"EntryPoint","urlTemplate":"https:\/\/cultureofmind.pl\/?s={search_term_string}"},"query-input":"required name=search_term_string"}],"inLanguage":"en-US"},{"@type":"Organization","@id":"https:\/\/cultureofmind.pl\/#organization","name":"Culture of Mind","url":"https:\/\/cultureofmind.pl\/","logo":{"@type":"ImageObject","inLanguage":"en-US","@id":"https:\/\/cultureofmind.pl\/#\/schema\/logo\/image\/","url":"https:\/\/cultureofmind.pl\/wp-content\/uploads\/2023\/10\/cropped-Rectangle-57.png","contentUrl":"https:\/\/cultureofmind.pl\/wp-content\/uploads\/2023\/10\/cropped-Rectangle-57.png","width":150,"height":150,"caption":"Culture of Mind"},"image":{"@id":"https:\/\/cultureofmind.pl\/#\/schema\/logo\/image\/"}}]}},"_links":{"self":[{"href":"https:\/\/cultureofmind.pl\/en\/wp-json\/wp\/v2\/product\/9232","targetHints":{"allow":["GET"]}}],"collection":[{"href":"https:\/\/cultureofmind.pl\/en\/wp-json\/wp\/v2\/product"}],"about":[{"href":"https:\/\/cultureofmind.pl\/en\/wp-json\/wp\/v2\/types\/product"}],"replies":[{"embeddable":true,"href":"https:\/\/cultureofmind.pl\/en\/wp-json\/wp\/v2\/comments?post=9232"}],"version-history":[{"count":3,"href":"https:\/\/cultureofmind.pl\/en\/wp-json\/wp\/v2\/product\/9232\/revisions"}],"predecessor-version":[{"id":9266,"href":"https:\/\/cultureofmind.pl\/en\/wp-json\/wp\/v2\/product\/9232\/revisions\/9266"}],"wp:featuredmedia":[{"embeddable":true,"href":"https:\/\/cultureofmind.pl\/en\/wp-json\/wp\/v2\/media\/9231"}],"wp:attachment":[{"href":"https:\/\/cultureofmind.pl\/en\/wp-json\/wp\/v2\/media?parent=9232"}],"wp:term":[{"taxonomy":"product_cat","embeddable":true,"href":"https:\/\/cultureofmind.pl\/en\/wp-json\/wp\/v2\/product_cat?post=9232"},{"taxonomy":"product_tag","embeddable":true,"href":"https:\/\/cultureofmind.pl\/en\/wp-json\/wp\/v2\/product_tag?post=9232"}],"curies":[{"name":"wp","href":"https:\/\/api.w.org\/{rel}","templated":true}]}}