{"id":9205,"date":"2022-06-30T14:09:14","date_gmt":"2022-06-30T12:09:14","guid":{"rendered":"https:\/\/server116294.nazwa.pl\/wordpress\/wpn_cultureofmind_main\/?post_type=product&#038;p=9205"},"modified":"2022-06-30T14:16:52","modified_gmt":"2022-06-30T12:16:52","slug":"pakiet-dokumentow-ppp-i-specjalnego","status":"publish","type":"product","link":"https:\/\/cultureofmind.pl\/en\/product\/pakiet-dokumentow-ppp-i-specjalnego\/","title":{"rendered":"Pakiet dokument\u00f3w PPP i specjalnego"},"content":{"rendered":"<p style=\"text-align: center;\"><strong>Pakiet dokument\u00f3w PPP i specjalnego wed\u0142ug nowych przepis\u00f3w<\/strong><\/p>\n<p>Pakiet dost\u0119pny w przedsprzeda\u017cy, wysy\u0142ka rozpocznie si\u0119 1 sierpnia 2022 r.<\/p>\n<p>W ramach pakietu dost\u0119pne s\u0105 wzory dokument\u00f3w dotycz\u0105ce pomocy psychologiczno-pedagogicznej oraz kszta\u0142cenia specjalnego.<\/p>\n<p><strong>Pakiet dokument\u00f3w PPP i specjalnego zawiera:<\/strong><\/p>\n<ul>\n<li>Zestawienie tabelaryczne form wynik\u00f3w oceny funkcjonalnej w poszczeg\u00f3lnych klasach.<\/li>\n<li>Zestawienia tabelaryczne uczni\u00f3w zakwalifikowanych do poszczeg\u00f3lnych form pomocy ze wzgl\u0119du na zdiagnozowane potrzeby.<\/li>\n<li>Wzory informacji dla rodzica.<\/li>\n<li>Zestawienia diagnoz.<\/li>\n<li>Arkusze obserwacji do oceny funkcjonalnej.<\/li>\n<li>Wzory IPET.<\/li>\n<li>Procedura zindywidualizowanej \u015bcie\u017cki.<\/li>\n<li>Wz\u00f3r oceny efektywno\u015bci pomocy.<\/li>\n<li>Model teczki.<\/li>\n<li>Model organizacji pomocy wed\u0142ug nowych przepis\u00f3w.<\/li>\n<\/ul>\n<p>&nbsp;<\/p>\n<p>Potrzebujesz zakupi\u0107 dokumentacj\u0119 z innego paragrafu? Napisz do nas na <a href=\"mailto:biuro@grupasokrates.pl\">biuro@grupasokrates.pl<\/a><\/p>\n<p>GES SOKRATES zastrzega sobie prawo przesuni\u0119cia terminu wysy\u0142ki w przypadku zmian w przepisach prawa o\u015bwiatowego.<\/p>\n<p><a href=\"https:\/\/www.facebook.com\/GrupaSokrates\" target=\"_blank\" rel=\"noopener\">GES Sokrates na Facebooku<\/a><\/p>\n<p><a href=\"https:\/\/server116294.nazwa.pl\/wordpress\/wpn_cultureofmind_main\/polityka-prywatnosci\/\">Privacy Policy<\/a><\/p>","protected":false},"excerpt":{"rendered":"<p>Pakiet dokument\u00f3w PPP i specjalnego wed\u0142ug nowych przepis\u00f3w Pakiet dost\u0119pny w przedsprzeda\u017cy, wysy\u0142ka rozpocznie si\u0119 1 sierpnia 2022 r. W<\/p>","protected":false},"featured_media":9210,"comment_status":"open","ping_status":"closed","template":"","meta":[],"product_cat":[15],"product_tag":[],"class_list":["post-9205","product","type-product","status-publish","has-post-thumbnail","hentry","product_cat-bez-kategorii"],"yoast_head":"<!-- This site is optimized with the Yoast SEO plugin v21.3 - https:\/\/yoast.com\/wordpress\/plugins\/seo\/ -->\n<title>Pakiet dokument\u00f3w PPP i specjalnego - Culture of Mind<\/title>\n<meta name=\"description\" content=\"Pakiet dokument\u00f3w PPP i specjalnego dostarczy wszystkich najwa\u017cniejszych wzor\u00f3w dokument\u00f3w dla nauczycieli i dyrektora.\" \/>\n<meta name=\"robots\" content=\"index, follow, max-snippet:-1, max-image-preview:large, max-video-preview:-1\" \/>\n<link rel=\"canonical\" href=\"https:\/\/cultureofmind.pl\/en\/product\/pakiet-dokumentow-ppp-i-specjalnego\/\" \/>\n<meta property=\"og:locale\" content=\"en_US\" \/>\n<meta property=\"og:type\" content=\"article\" \/>\n<meta property=\"og:title\" content=\"Pakiet dokument\u00f3w PPP i specjalnego - Culture of Mind\" \/>\n<meta property=\"og:description\" content=\"Pakiet dokument\u00f3w PPP i specjalnego dostarczy wszystkich najwa\u017cniejszych wzor\u00f3w dokument\u00f3w dla nauczycieli i dyrektora.\" \/>\n<meta property=\"og:url\" content=\"https:\/\/cultureofmind.pl\/en\/product\/pakiet-dokumentow-ppp-i-specjalnego\/\" \/>\n<meta property=\"og:site_name\" content=\"Culture of Mind\" \/>\n<meta property=\"article:modified_time\" content=\"2022-06-30T12:16:52+00:00\" \/>\n<meta property=\"og:image\" content=\"https:\/\/cultureofmind.pl\/wp-content\/uploads\/2022\/06\/mini-4-min.png\" \/>\n\t<meta property=\"og:image:width\" content=\"500\" \/>\n\t<meta property=\"og:image:height\" content=\"357\" \/>\n\t<meta property=\"og:image:type\" content=\"image\/png\" \/>\n<meta name=\"twitter:card\" content=\"summary_large_image\" \/>\n<meta name=\"twitter:label1\" content=\"Est. reading time\" \/>\n\t<meta name=\"twitter:data1\" content=\"1 minute\" \/>\n<script type=\"application\/ld+json\" class=\"yoast-schema-graph\">{\"@context\":\"https:\/\/schema.org\",\"@graph\":[{\"@type\":\"WebPage\",\"@id\":\"https:\/\/cultureofmind.pl\/produkt\/pakiet-dokumentow-ppp-i-specjalnego\/\",\"url\":\"https:\/\/cultureofmind.pl\/produkt\/pakiet-dokumentow-ppp-i-specjalnego\/\",\"name\":\"Pakiet dokument\u00f3w PPP i specjalnego - Culture of Mind\",\"isPartOf\":{\"@id\":\"https:\/\/cultureofmind.pl\/#website\"},\"datePublished\":\"2022-06-30T12:09:14+00:00\",\"dateModified\":\"2022-06-30T12:16:52+00:00\",\"description\":\"Pakiet dokument\u00f3w PPP i specjalnego dostarczy wszystkich najwa\u017cniejszych wzor\u00f3w dokument\u00f3w dla nauczycieli i dyrektora.\",\"breadcrumb\":{\"@id\":\"https:\/\/cultureofmind.pl\/produkt\/pakiet-dokumentow-ppp-i-specjalnego\/#breadcrumb\"},\"inLanguage\":\"en-US\",\"potentialAction\":[{\"@type\":\"ReadAction\",\"target\":[\"https:\/\/cultureofmind.pl\/produkt\/pakiet-dokumentow-ppp-i-specjalnego\/\"]}]},{\"@type\":\"BreadcrumbList\",\"@id\":\"https:\/\/cultureofmind.pl\/produkt\/pakiet-dokumentow-ppp-i-specjalnego\/#breadcrumb\",\"itemListElement\":[{\"@type\":\"ListItem\",\"position\":1,\"name\":\"Home\",\"item\":\"https:\/\/cultureofmind.pl\/\"},{\"@type\":\"ListItem\",\"position\":2,\"name\":\"Sklep\",\"item\":\"https:\/\/cultureofmind.pl\/sklep\/\"},{\"@type\":\"ListItem\",\"position\":3,\"name\":\"Pakiet dokument\u00f3w PPP i specjalnego\"}]},{\"@type\":\"WebSite\",\"@id\":\"https:\/\/cultureofmind.pl\/#website\",\"url\":\"https:\/\/cultureofmind.pl\/\",\"name\":\"Culture of Mind\",\"description\":\"CultureOfMind\",\"publisher\":{\"@id\":\"https:\/\/cultureofmind.pl\/#organization\"},\"potentialAction\":[{\"@type\":\"SearchAction\",\"target\":{\"@type\":\"EntryPoint\",\"urlTemplate\":\"https:\/\/cultureofmind.pl\/?s={search_term_string}\"},\"query-input\":\"required name=search_term_string\"}],\"inLanguage\":\"en-US\"},{\"@type\":\"Organization\",\"@id\":\"https:\/\/cultureofmind.pl\/#organization\",\"name\":\"Culture of Mind\",\"url\":\"https:\/\/cultureofmind.pl\/\",\"logo\":{\"@type\":\"ImageObject\",\"inLanguage\":\"en-US\",\"@id\":\"https:\/\/cultureofmind.pl\/#\/schema\/logo\/image\/\",\"url\":\"https:\/\/cultureofmind.pl\/wp-content\/uploads\/2023\/10\/cropped-Rectangle-57.png\",\"contentUrl\":\"https:\/\/cultureofmind.pl\/wp-content\/uploads\/2023\/10\/cropped-Rectangle-57.png\",\"width\":150,\"height\":150,\"caption\":\"Culture of Mind\"},\"image\":{\"@id\":\"https:\/\/cultureofmind.pl\/#\/schema\/logo\/image\/\"}}]}<\/script>\n<!-- \/ Yoast SEO plugin. -->","yoast_head_json":{"title":"Pakiet dokument\u00f3w PPP i specjalnego - Culture of Mind","description":"Pakiet dokument\u00f3w PPP i specjalnego dostarczy wszystkich najwa\u017cniejszych wzor\u00f3w dokument\u00f3w dla nauczycieli i dyrektora.","robots":{"index":"index","follow":"follow","max-snippet":"max-snippet:-1","max-image-preview":"max-image-preview:large","max-video-preview":"max-video-preview:-1"},"canonical":"https:\/\/cultureofmind.pl\/en\/product\/pakiet-dokumentow-ppp-i-specjalnego\/","og_locale":"en_US","og_type":"article","og_title":"Pakiet dokument\u00f3w PPP i specjalnego - Culture of Mind","og_description":"Pakiet dokument\u00f3w PPP i specjalnego dostarczy wszystkich najwa\u017cniejszych wzor\u00f3w dokument\u00f3w dla nauczycieli i dyrektora.","og_url":"https:\/\/cultureofmind.pl\/en\/product\/pakiet-dokumentow-ppp-i-specjalnego\/","og_site_name":"Culture of Mind","article_modified_time":"2022-06-30T12:16:52+00:00","og_image":[{"width":500,"height":357,"url":"https:\/\/cultureofmind.pl\/wp-content\/uploads\/2022\/06\/mini-4-min.png","type":"image\/png"}],"twitter_card":"summary_large_image","twitter_misc":{"Est. reading time":"1 minute"},"schema":{"@context":"https:\/\/schema.org","@graph":[{"@type":"WebPage","@id":"https:\/\/cultureofmind.pl\/produkt\/pakiet-dokumentow-ppp-i-specjalnego\/","url":"https:\/\/cultureofmind.pl\/produkt\/pakiet-dokumentow-ppp-i-specjalnego\/","name":"Pakiet dokument\u00f3w PPP i specjalnego - Culture of Mind","isPartOf":{"@id":"https:\/\/cultureofmind.pl\/#website"},"datePublished":"2022-06-30T12:09:14+00:00","dateModified":"2022-06-30T12:16:52+00:00","description":"Pakiet dokument\u00f3w PPP i specjalnego dostarczy wszystkich najwa\u017cniejszych wzor\u00f3w dokument\u00f3w dla nauczycieli i dyrektora.","breadcrumb":{"@id":"https:\/\/cultureofmind.pl\/produkt\/pakiet-dokumentow-ppp-i-specjalnego\/#breadcrumb"},"inLanguage":"en-US","potentialAction":[{"@type":"ReadAction","target":["https:\/\/cultureofmind.pl\/produkt\/pakiet-dokumentow-ppp-i-specjalnego\/"]}]},{"@type":"BreadcrumbList","@id":"https:\/\/cultureofmind.pl\/produkt\/pakiet-dokumentow-ppp-i-specjalnego\/#breadcrumb","itemListElement":[{"@type":"ListItem","position":1,"name":"Home","item":"https:\/\/cultureofmind.pl\/"},{"@type":"ListItem","position":2,"name":"Sklep","item":"https:\/\/cultureofmind.pl\/sklep\/"},{"@type":"ListItem","position":3,"name":"Pakiet dokument\u00f3w PPP i specjalnego"}]},{"@type":"WebSite","@id":"https:\/\/cultureofmind.pl\/#website","url":"https:\/\/cultureofmind.pl\/","name":"Culture of Mind","description":"CultureOfMind","publisher":{"@id":"https:\/\/cultureofmind.pl\/#organization"},"potentialAction":[{"@type":"SearchAction","target":{"@type":"EntryPoint","urlTemplate":"https:\/\/cultureofmind.pl\/?s={search_term_string}"},"query-input":"required name=search_term_string"}],"inLanguage":"en-US"},{"@type":"Organization","@id":"https:\/\/cultureofmind.pl\/#organization","name":"Culture of Mind","url":"https:\/\/cultureofmind.pl\/","logo":{"@type":"ImageObject","inLanguage":"en-US","@id":"https:\/\/cultureofmind.pl\/#\/schema\/logo\/image\/","url":"https:\/\/cultureofmind.pl\/wp-content\/uploads\/2023\/10\/cropped-Rectangle-57.png","contentUrl":"https:\/\/cultureofmind.pl\/wp-content\/uploads\/2023\/10\/cropped-Rectangle-57.png","width":150,"height":150,"caption":"Culture of Mind"},"image":{"@id":"https:\/\/cultureofmind.pl\/#\/schema\/logo\/image\/"}}]}},"_links":{"self":[{"href":"https:\/\/cultureofmind.pl\/en\/wp-json\/wp\/v2\/product\/9205","targetHints":{"allow":["GET"]}}],"collection":[{"href":"https:\/\/cultureofmind.pl\/en\/wp-json\/wp\/v2\/product"}],"about":[{"href":"https:\/\/cultureofmind.pl\/en\/wp-json\/wp\/v2\/types\/product"}],"replies":[{"embeddable":true,"href":"https:\/\/cultureofmind.pl\/en\/wp-json\/wp\/v2\/comments?post=9205"}],"version-history":[{"count":2,"href":"https:\/\/cultureofmind.pl\/en\/wp-json\/wp\/v2\/product\/9205\/revisions"}],"predecessor-version":[{"id":9213,"href":"https:\/\/cultureofmind.pl\/en\/wp-json\/wp\/v2\/product\/9205\/revisions\/9213"}],"wp:featuredmedia":[{"embeddable":true,"href":"https:\/\/cultureofmind.pl\/en\/wp-json\/wp\/v2\/media\/9210"}],"wp:attachment":[{"href":"https:\/\/cultureofmind.pl\/en\/wp-json\/wp\/v2\/media?parent=9205"}],"wp:term":[{"taxonomy":"product_cat","embeddable":true,"href":"https:\/\/cultureofmind.pl\/en\/wp-json\/wp\/v2\/product_cat?post=9205"},{"taxonomy":"product_tag","embeddable":true,"href":"https:\/\/cultureofmind.pl\/en\/wp-json\/wp\/v2\/product_tag?post=9205"}],"curies":[{"name":"wp","href":"https:\/\/api.w.org\/{rel}","templated":true}]}}