{"id":8943,"date":"2022-06-30T11:11:20","date_gmt":"2022-06-30T09:11:20","guid":{"rendered":"https:\/\/server116294.nazwa.pl\/wordpress\/wpn_cultureofmind_main\/?post_type=product&#038;p=8943"},"modified":"2022-06-30T16:45:50","modified_gmt":"2022-06-30T14:45:50","slug":"diagnoza-klimatu-spolecznego-szkoly","status":"publish","type":"product","link":"https:\/\/cultureofmind.pl\/en\/product\/diagnoza-klimatu-spolecznego-szkoly\/","title":{"rendered":"Diagnoza klimatu spo\u0142ecznego szko\u0142y"},"content":{"rendered":"<div class=\"elementor-column elementor-col-33 elementor-top-column elementor-element elementor-element-2b6607b8 animated fadeInUp\" data-id=\"2b6607b8\" data-element_type=\"column\" data-settings=\"{&quot;background_background&quot;:&quot;gradient&quot;,&quot;animation&quot;:&quot;fadeInUp&quot;}\">\n<div class=\"elementor-widget-wrap elementor-element-populated\">\n<div class=\"elementor-element elementor-element-1ffecfff elementor-widget elementor-widget-text-editor\" data-id=\"1ffecfff\" data-element_type=\"widget\" data-widget_type=\"text-editor.default\">\n<div class=\"elementor-widget-container\">\n<p>Diagnoza i wsparcie w budowaniu klimatu spo\u0142ecznego, poczucia bezpiecze\u0144stwa fizycznego\u00a0i psychicznego, aktywno\u015bci. Okre\u015blenie mocnych i s\u0142abych stron plac\u00f3wki oraz niezb\u0119dnych potrzeb zmian w spo\u0142eczno\u015bci nauczycieli, rodzic\u00f3w i dzieci, w tym r\u00f3wnie\u017c przyj\u0119tych warto\u015bci, ich funkcjonowania z poszanowaniem prywatno\u015bci oraz norm i zasad przyj\u0119tych w plac\u00f3wce.<\/p>\n<\/div>\n<p>Diagnoza zosta\u0142a przeprowadzona w kilkudziesi\u0119ciu szko\u0142ach na terenie ca\u0142ej Polski w ramach Projektu SZKO\u0141A 4.0 &#8211; Ku\u017ania Lider\u00f3w Wsp\u00f3\u0142czesnej Edukacji, a jej wyniki pozwoli\u0142y dyrektorom i nauczycielom rozpozna\u0107 m.in. potrzeby uczni\u00f3w oraz sytuacje ryzykowne. Wcze\u015bniejsze rozpoznanie umo\u017cliwi\u0142o interwencj\u0119 przed tragedi\u0105, kt\u00f3ra mog\u0142a nast\u0105pi\u0107.<\/p>\n<\/div>\n<p>&nbsp;<\/p>\n<p>Dyrektor\u00f3w zainteresowanych projektem SZKO\u0141A 4.0 &#8211; Ku\u017ania Lider\u00f3w Wsp\u00f3\u0142czesnej Edukacji zapraszamy na stron\u0119 <a href=\"https:\/\/www.szkola4-0.pl\">www.szkola4-0.pl\u00a0<\/a><\/p>\n<p>Termin diagnozy ustalany indywidualnie z plac\u00f3wk\u0105.<\/p>\n<p>Diagnoza odbywa si\u0119 w formie zdalnej.<\/p>\n<\/div>\n<\/div>\n<p>&nbsp;<\/p>\n<p>Wi\u0119cej informacji o diagnozie klimatu pod numerem: +48 604 460 333<\/p>\n<div class=\"elementor-column elementor-col-33 elementor-top-column elementor-element elementor-element-416590fc animated fadeInLeft\" data-id=\"416590fc\" data-element_type=\"column\" data-settings=\"{&quot;background_background&quot;:&quot;gradient&quot;,&quot;animation&quot;:&quot;fadeInLeft&quot;}\">\n<div class=\"elementor-widget-wrap elementor-element-populated\">\n<div class=\"elementor-element elementor-element-1937fd99 elementor-view-stacked elementor-shape-circle elementor-widget elementor-widget-icon\" data-id=\"1937fd99\" data-element_type=\"widget\" data-widget_type=\"icon.default\">\n<div class=\"elementor-widget-container\">\n<div class=\"elementor-icon-wrapper\">\n<div class=\"elementor-icon\"><\/div>\n<\/div>\n<\/div>\n<\/div>\n<\/div>\n<\/div>","protected":false},"excerpt":{"rendered":"<p>Diagnoza i wsparcie w budowaniu klimatu spo\u0142ecznego, poczucia bezpiecze\u0144stwa fizycznego\u00a0i psychicznego, aktywno\u015bci. Okre\u015blenie mocnych i s\u0142abych stron plac\u00f3wki oraz niezb\u0119dnych<\/p>","protected":false},"featured_media":9235,"comment_status":"open","ping_status":"closed","template":"","meta":[],"product_cat":[15],"product_tag":[],"class_list":["post-8943","product","type-product","status-publish","has-post-thumbnail","hentry","product_cat-bez-kategorii"],"yoast_head":"<!-- This site is optimized with the Yoast SEO plugin v21.3 - https:\/\/yoast.com\/wordpress\/plugins\/seo\/ -->\n<title>Diagnoza klimatu spo\u0142ecznego szko\u0142y - Culture of Mind<\/title>\n<meta name=\"description\" content=\"Diagnoza klimatu spo\u0142ecznego pozwoli na zbadanie klimatu w Twojej szkole lub przedszkolu i pomo\u017ce chroni\u0107 uczni\u00f3w przed niebezpiecze\u0144stwem.\" \/>\n<meta name=\"robots\" content=\"index, follow, max-snippet:-1, max-image-preview:large, max-video-preview:-1\" \/>\n<link rel=\"canonical\" href=\"https:\/\/cultureofmind.pl\/en\/product\/diagnoza-klimatu-spolecznego-szkoly\/\" \/>\n<meta property=\"og:locale\" content=\"en_US\" \/>\n<meta property=\"og:type\" content=\"article\" \/>\n<meta property=\"og:title\" content=\"Diagnoza klimatu spo\u0142ecznego szko\u0142y - Culture of Mind\" \/>\n<meta property=\"og:description\" content=\"Diagnoza klimatu spo\u0142ecznego pozwoli na zbadanie klimatu w Twojej szkole lub przedszkolu i pomo\u017ce chroni\u0107 uczni\u00f3w przed niebezpiecze\u0144stwem.\" \/>\n<meta property=\"og:url\" content=\"https:\/\/cultureofmind.pl\/en\/product\/diagnoza-klimatu-spolecznego-szkoly\/\" \/>\n<meta property=\"og:site_name\" content=\"Culture of Mind\" \/>\n<meta property=\"article:modified_time\" content=\"2022-06-30T14:45:50+00:00\" \/>\n<meta property=\"og:image\" content=\"https:\/\/cultureofmind.pl\/wp-content\/uploads\/2022\/06\/mini-1.png\" \/>\n\t<meta property=\"og:image:width\" content=\"500\" \/>\n\t<meta property=\"og:image:height\" content=\"357\" \/>\n\t<meta property=\"og:image:type\" content=\"image\/png\" \/>\n<meta name=\"twitter:card\" content=\"summary_large_image\" \/>\n<meta name=\"twitter:label1\" content=\"Est. reading time\" \/>\n\t<meta name=\"twitter:data1\" content=\"1 minute\" \/>\n<script type=\"application\/ld+json\" class=\"yoast-schema-graph\">{\"@context\":\"https:\/\/schema.org\",\"@graph\":[{\"@type\":\"WebPage\",\"@id\":\"https:\/\/cultureofmind.pl\/produkt\/diagnoza-klimatu-spolecznego-szkoly\/\",\"url\":\"https:\/\/cultureofmind.pl\/produkt\/diagnoza-klimatu-spolecznego-szkoly\/\",\"name\":\"Diagnoza klimatu spo\u0142ecznego szko\u0142y - Culture of Mind\",\"isPartOf\":{\"@id\":\"https:\/\/cultureofmind.pl\/#website\"},\"datePublished\":\"2022-06-30T09:11:20+00:00\",\"dateModified\":\"2022-06-30T14:45:50+00:00\",\"description\":\"Diagnoza klimatu spo\u0142ecznego pozwoli na zbadanie klimatu w Twojej szkole lub przedszkolu i pomo\u017ce chroni\u0107 uczni\u00f3w przed niebezpiecze\u0144stwem.\",\"breadcrumb\":{\"@id\":\"https:\/\/cultureofmind.pl\/produkt\/diagnoza-klimatu-spolecznego-szkoly\/#breadcrumb\"},\"inLanguage\":\"en-US\",\"potentialAction\":[{\"@type\":\"ReadAction\",\"target\":[\"https:\/\/cultureofmind.pl\/produkt\/diagnoza-klimatu-spolecznego-szkoly\/\"]}]},{\"@type\":\"BreadcrumbList\",\"@id\":\"https:\/\/cultureofmind.pl\/produkt\/diagnoza-klimatu-spolecznego-szkoly\/#breadcrumb\",\"itemListElement\":[{\"@type\":\"ListItem\",\"position\":1,\"name\":\"Home\",\"item\":\"https:\/\/cultureofmind.pl\/\"},{\"@type\":\"ListItem\",\"position\":2,\"name\":\"Sklep\",\"item\":\"https:\/\/cultureofmind.pl\/sklep\/\"},{\"@type\":\"ListItem\",\"position\":3,\"name\":\"Diagnoza klimatu spo\u0142ecznego szko\u0142y\"}]},{\"@type\":\"WebSite\",\"@id\":\"https:\/\/cultureofmind.pl\/#website\",\"url\":\"https:\/\/cultureofmind.pl\/\",\"name\":\"Culture of Mind\",\"description\":\"CultureOfMind\",\"publisher\":{\"@id\":\"https:\/\/cultureofmind.pl\/#organization\"},\"potentialAction\":[{\"@type\":\"SearchAction\",\"target\":{\"@type\":\"EntryPoint\",\"urlTemplate\":\"https:\/\/cultureofmind.pl\/?s={search_term_string}\"},\"query-input\":\"required name=search_term_string\"}],\"inLanguage\":\"en-US\"},{\"@type\":\"Organization\",\"@id\":\"https:\/\/cultureofmind.pl\/#organization\",\"name\":\"Culture of Mind\",\"url\":\"https:\/\/cultureofmind.pl\/\",\"logo\":{\"@type\":\"ImageObject\",\"inLanguage\":\"en-US\",\"@id\":\"https:\/\/cultureofmind.pl\/#\/schema\/logo\/image\/\",\"url\":\"https:\/\/cultureofmind.pl\/wp-content\/uploads\/2023\/10\/cropped-Rectangle-57.png\",\"contentUrl\":\"https:\/\/cultureofmind.pl\/wp-content\/uploads\/2023\/10\/cropped-Rectangle-57.png\",\"width\":150,\"height\":150,\"caption\":\"Culture of Mind\"},\"image\":{\"@id\":\"https:\/\/cultureofmind.pl\/#\/schema\/logo\/image\/\"}}]}<\/script>\n<!-- \/ Yoast SEO plugin. -->","yoast_head_json":{"title":"Diagnoza klimatu spo\u0142ecznego szko\u0142y - Culture of Mind","description":"Diagnoza klimatu spo\u0142ecznego pozwoli na zbadanie klimatu w Twojej szkole lub przedszkolu i pomo\u017ce chroni\u0107 uczni\u00f3w przed niebezpiecze\u0144stwem.","robots":{"index":"index","follow":"follow","max-snippet":"max-snippet:-1","max-image-preview":"max-image-preview:large","max-video-preview":"max-video-preview:-1"},"canonical":"https:\/\/cultureofmind.pl\/en\/product\/diagnoza-klimatu-spolecznego-szkoly\/","og_locale":"en_US","og_type":"article","og_title":"Diagnoza klimatu spo\u0142ecznego szko\u0142y - Culture of Mind","og_description":"Diagnoza klimatu spo\u0142ecznego pozwoli na zbadanie klimatu w Twojej szkole lub przedszkolu i pomo\u017ce chroni\u0107 uczni\u00f3w przed niebezpiecze\u0144stwem.","og_url":"https:\/\/cultureofmind.pl\/en\/product\/diagnoza-klimatu-spolecznego-szkoly\/","og_site_name":"Culture of Mind","article_modified_time":"2022-06-30T14:45:50+00:00","og_image":[{"width":500,"height":357,"url":"https:\/\/cultureofmind.pl\/wp-content\/uploads\/2022\/06\/mini-1.png","type":"image\/png"}],"twitter_card":"summary_large_image","twitter_misc":{"Est. reading time":"1 minute"},"schema":{"@context":"https:\/\/schema.org","@graph":[{"@type":"WebPage","@id":"https:\/\/cultureofmind.pl\/produkt\/diagnoza-klimatu-spolecznego-szkoly\/","url":"https:\/\/cultureofmind.pl\/produkt\/diagnoza-klimatu-spolecznego-szkoly\/","name":"Diagnoza klimatu spo\u0142ecznego szko\u0142y - Culture of Mind","isPartOf":{"@id":"https:\/\/cultureofmind.pl\/#website"},"datePublished":"2022-06-30T09:11:20+00:00","dateModified":"2022-06-30T14:45:50+00:00","description":"Diagnoza klimatu spo\u0142ecznego pozwoli na zbadanie klimatu w Twojej szkole lub przedszkolu i pomo\u017ce chroni\u0107 uczni\u00f3w przed niebezpiecze\u0144stwem.","breadcrumb":{"@id":"https:\/\/cultureofmind.pl\/produkt\/diagnoza-klimatu-spolecznego-szkoly\/#breadcrumb"},"inLanguage":"en-US","potentialAction":[{"@type":"ReadAction","target":["https:\/\/cultureofmind.pl\/produkt\/diagnoza-klimatu-spolecznego-szkoly\/"]}]},{"@type":"BreadcrumbList","@id":"https:\/\/cultureofmind.pl\/produkt\/diagnoza-klimatu-spolecznego-szkoly\/#breadcrumb","itemListElement":[{"@type":"ListItem","position":1,"name":"Home","item":"https:\/\/cultureofmind.pl\/"},{"@type":"ListItem","position":2,"name":"Sklep","item":"https:\/\/cultureofmind.pl\/sklep\/"},{"@type":"ListItem","position":3,"name":"Diagnoza klimatu spo\u0142ecznego szko\u0142y"}]},{"@type":"WebSite","@id":"https:\/\/cultureofmind.pl\/#website","url":"https:\/\/cultureofmind.pl\/","name":"Culture of Mind","description":"CultureOfMind","publisher":{"@id":"https:\/\/cultureofmind.pl\/#organization"},"potentialAction":[{"@type":"SearchAction","target":{"@type":"EntryPoint","urlTemplate":"https:\/\/cultureofmind.pl\/?s={search_term_string}"},"query-input":"required name=search_term_string"}],"inLanguage":"en-US"},{"@type":"Organization","@id":"https:\/\/cultureofmind.pl\/#organization","name":"Culture of Mind","url":"https:\/\/cultureofmind.pl\/","logo":{"@type":"ImageObject","inLanguage":"en-US","@id":"https:\/\/cultureofmind.pl\/#\/schema\/logo\/image\/","url":"https:\/\/cultureofmind.pl\/wp-content\/uploads\/2023\/10\/cropped-Rectangle-57.png","contentUrl":"https:\/\/cultureofmind.pl\/wp-content\/uploads\/2023\/10\/cropped-Rectangle-57.png","width":150,"height":150,"caption":"Culture of Mind"},"image":{"@id":"https:\/\/cultureofmind.pl\/#\/schema\/logo\/image\/"}}]}},"_links":{"self":[{"href":"https:\/\/cultureofmind.pl\/en\/wp-json\/wp\/v2\/product\/8943","targetHints":{"allow":["GET"]}}],"collection":[{"href":"https:\/\/cultureofmind.pl\/en\/wp-json\/wp\/v2\/product"}],"about":[{"href":"https:\/\/cultureofmind.pl\/en\/wp-json\/wp\/v2\/types\/product"}],"replies":[{"embeddable":true,"href":"https:\/\/cultureofmind.pl\/en\/wp-json\/wp\/v2\/comments?post=8943"}],"version-history":[{"count":3,"href":"https:\/\/cultureofmind.pl\/en\/wp-json\/wp\/v2\/product\/8943\/revisions"}],"predecessor-version":[{"id":9237,"href":"https:\/\/cultureofmind.pl\/en\/wp-json\/wp\/v2\/product\/8943\/revisions\/9237"}],"wp:featuredmedia":[{"embeddable":true,"href":"https:\/\/cultureofmind.pl\/en\/wp-json\/wp\/v2\/media\/9235"}],"wp:attachment":[{"href":"https:\/\/cultureofmind.pl\/en\/wp-json\/wp\/v2\/media?parent=8943"}],"wp:term":[{"taxonomy":"product_cat","embeddable":true,"href":"https:\/\/cultureofmind.pl\/en\/wp-json\/wp\/v2\/product_cat?post=8943"},{"taxonomy":"product_tag","embeddable":true,"href":"https:\/\/cultureofmind.pl\/en\/wp-json\/wp\/v2\/product_tag?post=8943"}],"curies":[{"name":"wp","href":"https:\/\/api.w.org\/{rel}","templated":true}]}}