{"id":15,"date":"2022-05-06T23:58:23","date_gmt":"2022-05-06T21:58:23","guid":{"rendered":"https:\/\/server116294.nazwa.pl\/wordpress\/wpn_cultureofmind_main\/?page_id=15"},"modified":"2022-05-12T14:15:57","modified_gmt":"2022-05-12T12:15:57","slug":"zwroty","status":"publish","type":"page","link":"https:\/\/cultureofmind.pl\/en\/zwroty\/","title":{"rendered":"Polityka zwrot\u00f3w"},"content":{"rendered":"<p>Klient, kt\u00f3ry zawar\u0142 ze Sprzedawc\u0105 umow\u0119 na odleg\u0142o\u015b\u0107, ma prawo odst\u0105pi\u0107 od umowy bez podawania przyczyny w terminie 14 dni od dnia obj\u0119cia w posiadanie kupionych rzeczy (w przypadku umowy sprzeda\u017cy) albo w terminie 14 dni od dnia zawarcia umowy (w przypadku umowy o dostarczenie tre\u015bci cyfrowych). Do zachowania terminu wystarczy wys\u0142anie o\u015bwiadczenia przed jego up\u0142ywem.<\/p>\n\n\n\n<ol class=\"wp-block-list\" start=\"2\"><li>Prawo do odst\u0105pienia od umowy nie przys\u0142uguje w odniesieniu do um\u00f3w o dostarczanie tre\u015bci cyfrowych, kt\u00f3re nie s\u0105 zapisane na no\u015bniku materialnym, je\u017celi spe\u0142nianie \u015bwiadczenia rozpocz\u0119\u0142o si\u0119 za wyra\u017an\u0105 zgod\u0105 Klienta przed up\u0142ywem terminu do odst\u0105pienia od umowy i po poinformowaniu go przez Sprzedawc\u0119 o utracie prawa odst\u0105pienia od umowy.<\/li><li>Chwil\u0105 rozpocz\u0119cia \u015bwiadczenia jest dor\u0119czenie Klientowi wiadomo\u015bci e-mail z instrukcj\u0105 uzyskania dost\u0119pu do tre\u015bci cyfrowych.<\/li><li>Aby odst\u0105pi\u0107 od umowy, Klient musi poinformowa\u0107 Sprzedawc\u0119 o swojej decyzji o odst\u0105pieniu od umowy w drodze jednoznacznego o\u015bwiadczenia \u2013 na przyk\u0142ad pismo wys\u0142ane poczt\u0105, faksem lub poczt\u0105 elektroniczn\u0105 na adres info@cambiar.pl O\u015bwiadczenie powinno zawiera\u0107 dokument potwierdzaj\u0105cy zakup (Dow\u00f3d zakupu lub Faktura).<\/li><li>Klient zobowi\u0105zany jest w ci\u0105gu 14 dni od dnia odst\u0105pienia od Umowy odes\u0142a\u0107 Produkt do Sprzedawcy na adres dor\u0119czenia wskazany w \u00a71 niniejszego Regulaminu, wraz z dowodem zakupu towaru na sw\u00f3j koszt.<\/li><li>Po otrzymaniu zwracanego towaru przez Klienta do Sprzedawcy, Klientowi zwracane s\u0105 wszystkie otrzymane od niego p\u0142atno\u015bci dotycz\u0105ce zwracanego Produktu.<\/li><li>Koszt zakupu Produktu zostan\u0105 zwr\u00f3cone do Klienta niezw\u0142ocznie po otrzymaniu przesy\u0142ki zwrotnej przez Nadawc\u0119, jednak nie p\u00f3\u017aniej ni\u017c w terminie 14 dni od dnia w kt\u00f3rym Sprzedawca zosta\u0142 poinformowany o Odst\u0105pieniu Od Umowy przez Klienta. Zgodnie z art. 32 ust.3 Ustawy o Prawach Konsumenta, Sprzedawca mo\u017ce wstrzyma\u0107 si\u0119 ze zwrotem p\u0142atno\u015bci otrzymanych od Klienta do chwili otrzymania Produktu z powrotem lub dostarczenia przez Klienta dowodu jej odes\u0142ania, w zale\u017cno\u015bci od tego, kt\u00f3re zdarzenie nast\u0105pi wcze\u015bniej.<\/li><li>Zwrot p\u0142atno\u015bci dokonywany jest przy u\u017cyciu takich samych sposob\u00f3w p\u0142atno\u015bci, jakie zosta\u0142y u\u017cyte w pierwotnej transakcji, chyba \u017ce Klient wyrazi zgod\u0119 na inne rozwi\u0105zanie. W ka\u017cdym przypadku Klient nie ponosi \u017cadnych dodatkowych op\u0142at w zwi\u0105zku z tym zwrotem.<\/li><li>Sprzedawca przyjmuje tylko i wy\u0142\u0105cznie towar, kt\u00f3ry:<br>o Nie jest zniszczony, pobrudzony;<br>o Jest kompletny;<br>o Zapakowany jest w kopert\u0119 b\u0105belkow\u0105 lub pude\u0142ko chroni\u0105ce zawarto\u015b\u0107.<\/li><li>Sprzedawca nie przyjmuje przesy\u0142ek zwrotnych wys\u0142anych za pobraniem lub na jego koszt.<\/li><li>Koszt przesy\u0142ki zwrotnej do Sprzedawcy, pokrywa Klient.<\/li><li>Klient ponosi odpowiedzialno\u015b\u0107 za zmniejszenie warto\u015bci Produktu, b\u0119d\u0105ce wynikiem korzystania z niego w spos\u00f3b wykraczaj\u0105cy poza konieczny do stwierdzenia charakteru, cech i funkcjonowania Produktu.<\/li><\/ol>","protected":false},"excerpt":{"rendered":"<p>Klient, kt\u00f3ry zawar\u0142 ze Sprzedawc\u0105 umow\u0119 na odleg\u0142o\u015b\u0107, ma prawo odst\u0105pi\u0107 od umowy bez podawania przyczyny w terminie 14 dni<\/p>","protected":false},"author":1,"featured_media":0,"parent":0,"menu_order":0,"comment_status":"closed","ping_status":"closed","template":"","meta":{"_tutorstarter_page_metadata":[],"footnotes":""},"class_list":["post-15","page","type-page","status-publish","hentry"],"yoast_head":"<!-- This site is optimized with the Yoast SEO plugin v21.3 - https:\/\/yoast.com\/wordpress\/plugins\/seo\/ -->\n<title>Polityka zwrot\u00f3w - Culture of Mind<\/title>\n<meta name=\"robots\" content=\"index, follow, max-snippet:-1, max-image-preview:large, max-video-preview:-1\" \/>\n<link rel=\"canonical\" href=\"https:\/\/cultureofmind.pl\/en\/zwroty\/\" \/>\n<meta property=\"og:locale\" content=\"en_US\" \/>\n<meta property=\"og:type\" content=\"article\" \/>\n<meta property=\"og:title\" content=\"Polityka zwrot\u00f3w - Culture of Mind\" \/>\n<meta property=\"og:description\" content=\"Klient, kt\u00f3ry zawar\u0142 ze Sprzedawc\u0105 umow\u0119 na odleg\u0142o\u015b\u0107, ma prawo odst\u0105pi\u0107 od umowy bez podawania przyczyny w terminie 14 dni\" \/>\n<meta property=\"og:url\" content=\"https:\/\/cultureofmind.pl\/en\/zwroty\/\" \/>\n<meta property=\"og:site_name\" content=\"Culture of Mind\" \/>\n<meta property=\"article:modified_time\" content=\"2022-05-12T12:15:57+00:00\" \/>\n<meta name=\"twitter:card\" content=\"summary_large_image\" \/>\n<meta name=\"twitter:label1\" content=\"Est. reading time\" \/>\n\t<meta name=\"twitter:data1\" content=\"3 minutes\" \/>\n<script type=\"application\/ld+json\" class=\"yoast-schema-graph\">{\"@context\":\"https:\/\/schema.org\",\"@graph\":[{\"@type\":\"WebPage\",\"@id\":\"https:\/\/cultureofmind.pl\/zwroty\/\",\"url\":\"https:\/\/cultureofmind.pl\/zwroty\/\",\"name\":\"Polityka zwrot\u00f3w - Culture of Mind\",\"isPartOf\":{\"@id\":\"https:\/\/cultureofmind.pl\/#website\"},\"datePublished\":\"2022-05-06T21:58:23+00:00\",\"dateModified\":\"2022-05-12T12:15:57+00:00\",\"breadcrumb\":{\"@id\":\"https:\/\/cultureofmind.pl\/zwroty\/#breadcrumb\"},\"inLanguage\":\"en-US\",\"potentialAction\":[{\"@type\":\"ReadAction\",\"target\":[\"https:\/\/cultureofmind.pl\/zwroty\/\"]}]},{\"@type\":\"BreadcrumbList\",\"@id\":\"https:\/\/cultureofmind.pl\/zwroty\/#breadcrumb\",\"itemListElement\":[{\"@type\":\"ListItem\",\"position\":1,\"name\":\"Home\",\"item\":\"https:\/\/cultureofmind.pl\/\"},{\"@type\":\"ListItem\",\"position\":2,\"name\":\"Polityka zwrot\u00f3w\"}]},{\"@type\":\"WebSite\",\"@id\":\"https:\/\/cultureofmind.pl\/#website\",\"url\":\"https:\/\/cultureofmind.pl\/\",\"name\":\"Culture of Mind\",\"description\":\"CultureOfMind\",\"publisher\":{\"@id\":\"https:\/\/cultureofmind.pl\/#organization\"},\"potentialAction\":[{\"@type\":\"SearchAction\",\"target\":{\"@type\":\"EntryPoint\",\"urlTemplate\":\"https:\/\/cultureofmind.pl\/?s={search_term_string}\"},\"query-input\":\"required name=search_term_string\"}],\"inLanguage\":\"en-US\"},{\"@type\":\"Organization\",\"@id\":\"https:\/\/cultureofmind.pl\/#organization\",\"name\":\"Culture of Mind\",\"url\":\"https:\/\/cultureofmind.pl\/\",\"logo\":{\"@type\":\"ImageObject\",\"inLanguage\":\"en-US\",\"@id\":\"https:\/\/cultureofmind.pl\/#\/schema\/logo\/image\/\",\"url\":\"https:\/\/cultureofmind.pl\/wp-content\/uploads\/2023\/10\/cropped-Rectangle-57.png\",\"contentUrl\":\"https:\/\/cultureofmind.pl\/wp-content\/uploads\/2023\/10\/cropped-Rectangle-57.png\",\"width\":150,\"height\":150,\"caption\":\"Culture of Mind\"},\"image\":{\"@id\":\"https:\/\/cultureofmind.pl\/#\/schema\/logo\/image\/\"}}]}<\/script>\n<!-- \/ Yoast SEO plugin. -->","yoast_head_json":{"title":"Polityka zwrot\u00f3w - Culture of Mind","robots":{"index":"index","follow":"follow","max-snippet":"max-snippet:-1","max-image-preview":"max-image-preview:large","max-video-preview":"max-video-preview:-1"},"canonical":"https:\/\/cultureofmind.pl\/en\/zwroty\/","og_locale":"en_US","og_type":"article","og_title":"Polityka zwrot\u00f3w - Culture of Mind","og_description":"Klient, kt\u00f3ry zawar\u0142 ze Sprzedawc\u0105 umow\u0119 na odleg\u0142o\u015b\u0107, ma prawo odst\u0105pi\u0107 od umowy bez podawania przyczyny w terminie 14 dni","og_url":"https:\/\/cultureofmind.pl\/en\/zwroty\/","og_site_name":"Culture of Mind","article_modified_time":"2022-05-12T12:15:57+00:00","twitter_card":"summary_large_image","twitter_misc":{"Est. reading time":"3 minutes"},"schema":{"@context":"https:\/\/schema.org","@graph":[{"@type":"WebPage","@id":"https:\/\/cultureofmind.pl\/zwroty\/","url":"https:\/\/cultureofmind.pl\/zwroty\/","name":"Polityka zwrot\u00f3w - Culture of Mind","isPartOf":{"@id":"https:\/\/cultureofmind.pl\/#website"},"datePublished":"2022-05-06T21:58:23+00:00","dateModified":"2022-05-12T12:15:57+00:00","breadcrumb":{"@id":"https:\/\/cultureofmind.pl\/zwroty\/#breadcrumb"},"inLanguage":"en-US","potentialAction":[{"@type":"ReadAction","target":["https:\/\/cultureofmind.pl\/zwroty\/"]}]},{"@type":"BreadcrumbList","@id":"https:\/\/cultureofmind.pl\/zwroty\/#breadcrumb","itemListElement":[{"@type":"ListItem","position":1,"name":"Home","item":"https:\/\/cultureofmind.pl\/"},{"@type":"ListItem","position":2,"name":"Polityka zwrot\u00f3w"}]},{"@type":"WebSite","@id":"https:\/\/cultureofmind.pl\/#website","url":"https:\/\/cultureofmind.pl\/","name":"Culture of Mind","description":"CultureOfMind","publisher":{"@id":"https:\/\/cultureofmind.pl\/#organization"},"potentialAction":[{"@type":"SearchAction","target":{"@type":"EntryPoint","urlTemplate":"https:\/\/cultureofmind.pl\/?s={search_term_string}"},"query-input":"required name=search_term_string"}],"inLanguage":"en-US"},{"@type":"Organization","@id":"https:\/\/cultureofmind.pl\/#organization","name":"Culture of Mind","url":"https:\/\/cultureofmind.pl\/","logo":{"@type":"ImageObject","inLanguage":"en-US","@id":"https:\/\/cultureofmind.pl\/#\/schema\/logo\/image\/","url":"https:\/\/cultureofmind.pl\/wp-content\/uploads\/2023\/10\/cropped-Rectangle-57.png","contentUrl":"https:\/\/cultureofmind.pl\/wp-content\/uploads\/2023\/10\/cropped-Rectangle-57.png","width":150,"height":150,"caption":"Culture of Mind"},"image":{"@id":"https:\/\/cultureofmind.pl\/#\/schema\/logo\/image\/"}}]}},"_links":{"self":[{"href":"https:\/\/cultureofmind.pl\/en\/wp-json\/wp\/v2\/pages\/15","targetHints":{"allow":["GET"]}}],"collection":[{"href":"https:\/\/cultureofmind.pl\/en\/wp-json\/wp\/v2\/pages"}],"about":[{"href":"https:\/\/cultureofmind.pl\/en\/wp-json\/wp\/v2\/types\/page"}],"author":[{"embeddable":true,"href":"https:\/\/cultureofmind.pl\/en\/wp-json\/wp\/v2\/users\/1"}],"replies":[{"embeddable":true,"href":"https:\/\/cultureofmind.pl\/en\/wp-json\/wp\/v2\/comments?post=15"}],"version-history":[{"count":2,"href":"https:\/\/cultureofmind.pl\/en\/wp-json\/wp\/v2\/pages\/15\/revisions"}],"predecessor-version":[{"id":8388,"href":"https:\/\/cultureofmind.pl\/en\/wp-json\/wp\/v2\/pages\/15\/revisions\/8388"}],"wp:attachment":[{"href":"https:\/\/cultureofmind.pl\/en\/wp-json\/wp\/v2\/media?parent=15"}],"curies":[{"name":"wp","href":"https:\/\/api.w.org\/{rel}","templated":true}]}}